{"id":1067,"date":"2023-02-06T04:58:38","date_gmt":"2023-02-06T04:58:38","guid":{"rendered":"http:\/\/finestwp.com\/biztech\/?page_id=1067"},"modified":"2025-03-30T09:06:56","modified_gmt":"2025-03-30T02:06:56","slug":"skybet-dich-vu-quan-ly-thuong-hieu","status":"publish","type":"page","link":"https:\/\/skybet365.us\/index.php\/skybet-dich-vu-quan-ly-thuong-hieu\/","title":{"rendered":"D\u1ecaCH V\u1ee4 QU\u1ea2N L\u00dd TH\u01af\u01a0NG HI\u1ec6U"},"content":{"rendered":"\t\t<div data-elementor-type=\"wp-page\" data-elementor-id=\"1067\" class=\"elementor elementor-1067\">\n\t\t\t\t\t\t<section class=\"elementor-section elementor-top-section elementor-element elementor-element-d355127 elementor-section-boxed elementor-section-height-default elementor-section-height-default\" data-id=\"d355127\" data-element_type=\"section\">\n\t\t\t\t\t\t<div class=\"elementor-container elementor-column-gap-no\">\n\t\t\t\t\t<div class=\"elementor-column elementor-col-100 elementor-top-column elementor-element elementor-element-52ef94b\" data-id=\"52ef94b\" data-element_type=\"column\">\n\t\t\t<div class=\"elementor-widget-wrap elementor-element-populated\">\n\t\t\t\t\t\t<section class=\"elementor-section elementor-inner-section elementor-element elementor-element-54a61da elementor-section-full_width elementor-section-height-default elementor-section-height-default\" data-id=\"54a61da\" data-element_type=\"section\">\n\t\t\t\t\t\t<div class=\"elementor-container elementor-column-gap-no\">\n\t\t\t\t\t<div class=\"elementor-column elementor-col-50 elementor-inner-column elementor-element elementor-element-f2a1c7e\" data-id=\"f2a1c7e\" data-element_type=\"column\">\n\t\t\t<div class=\"elementor-widget-wrap elementor-element-populated\">\n\t\t\t\t\t\t<div class=\"elementor-element elementor-element-94c6ca9 elementor-widget elementor-widget-biztech_wi_catagory\" data-id=\"94c6ca9\" data-element_type=\"widget\" data-widget_type=\"biztech_wi_catagory.default\">\n\t\t\t\t<div class=\"elementor-widget-container\">\n\t\t\t\t\t\t\t\n\t\t<section class=\"service-details p_relative pdoff\">\n\t\t\t<div class=\"sidebar-side\">\n\t\t\t\t<div class=\"service-sidebar\">\n\t\t\t\t\t<div class=\"sidebar-widget category-widget\">\n\t\t\t\t\t\t\t\t\t\t\t\t<h3>SKYBET<\/h3>\n\t\t\t\t\t\t\t\t\t\t\t\t<ul class=\"category-list clearfix\">\n\t\t\t\t\t\t\n\t\t\t\t\t\t\t\t\t\t\t\t\t\t\t\t\t\t\t\t\t\n\t\t\t\t\t\t\t<li><a href=\"\" class=\"current\">Qu\u1ea3n L\u00fd Th\u01b0\u01a1ng Hi\u1ec7u<\/a><\/li>\n\t\t\t\t\t\t\t\n\t\t\t\t\t\t\t\t\t\t\t\t\t\t\t\t\t\t\t\t<\/ul>\n\t\t\t\t\t<\/div>\n\t\t\t\t<\/div>\n\t\t\t<\/div>\n\t\t<\/section>\n\t\t\n\t\t\t\t\t\t<\/div>\n\t\t\t\t<\/div>\n\t\t\t\t<div class=\"elementor-element elementor-element-06d50e6 elementor-widget elementor-widget-biztech_wi_contact\" data-id=\"06d50e6\" data-element_type=\"widget\" data-widget_type=\"biztech_wi_contact.default\">\n\t\t\t\t<div class=\"elementor-widget-container\">\n\t\t\t\t\t\t\t\n\t\t<section class=\"service-details p_relative pdoff\">\n\t\t\t<div class=\"sidebar-side\">\n\t\t\t\t<div class=\"service-sidebar\">\n\t\t\t\t\t<div class=\"sidebar-widget contact-widget centred\">\n\t\t\t\t\t\t<div class=\"widget-content\">\n\t\t\t\t\t\t\t\t\t\t\t\t\t\t<div class=\"bg-layer\" style=\"background-image: url(https:\/\/skybet365.us\/wp-content\/uploads\/2023\/02\/service-7.jpg);\">\n\t\t\t\t\t\t\t\t\t\t\t\t\t\t<\/div>\n\t\t\t\t\t\t\t\n\t\t\t\t\t\t\t\t\t\t\t\t\t\t<h3>SKYBET H\u1ed7 Tr\u1ee3<\/h3>\n\t\t\t\t\t\t\t\t\t\t\t\t\t\t\n\t\t\t\t\t\t\t<div class=\"icon-box\"><i class=\" icon-29\"><\/i><\/div>\n\t\t\t\t\t\t\t<div class=\"inner-box\">\n\t\t\t\t\t\t\t\t<p><a href=\"#\">Skybet365@gmail.com<\/a><\/p>\n\t\t\t\t\t\t\t\t<h3><a href=\"#\">0936 666 888<\/a><\/h3>\n\t\t\t\t\t\t\t<\/div>\n\t\t\t\t\t\t<\/div>\n\t\t\t\t\t<\/div>\n\t\t\t\t<\/div>\n\t\t\t<\/div>\n\t\t<\/section>\n\t\t\n\t\t\t\t\t\t<\/div>\n\t\t\t\t<\/div>\n\t\t\t\t\t<\/div>\n\t\t<\/div>\n\t\t\t\t<div class=\"elementor-column elementor-col-50 elementor-inner-column elementor-element elementor-element-ce1e2c1\" data-id=\"ce1e2c1\" data-element_type=\"column\">\n\t\t\t<div class=\"elementor-widget-wrap elementor-element-populated\">\n\t\t\t\t\t\t<div class=\"elementor-element elementor-element-0b4ed98 elementor-widget elementor-widget-image\" data-id=\"0b4ed98\" data-element_type=\"widget\" data-widget_type=\"image.default\">\n\t\t\t\t<div class=\"elementor-widget-container\">\n\t\t\t\t\t\t\t\t\t\t\t\t\t\t\t<img fetchpriority=\"high\" decoding=\"async\" width=\"850\" height=\"470\" src=\"https:\/\/skybet365.us\/wp-content\/uploads\/2025\/03\/DICH-VU-QUAN-LY-THUONG-HIEU-850-x-470-px.png\" class=\"attachment-full size-full wp-image-3396\" alt=\"\" srcset=\"https:\/\/skybet365.us\/wp-content\/uploads\/2025\/03\/DICH-VU-QUAN-LY-THUONG-HIEU-850-x-470-px.png 850w, https:\/\/skybet365.us\/wp-content\/uploads\/2025\/03\/DICH-VU-QUAN-LY-THUONG-HIEU-850-x-470-px-300x166.png 300w, https:\/\/skybet365.us\/wp-content\/uploads\/2025\/03\/DICH-VU-QUAN-LY-THUONG-HIEU-850-x-470-px-768x425.png 768w\" sizes=\"(max-width: 850px) 100vw, 850px\" \/>\t\t\t\t\t\t\t\t\t\t\t\t\t\t\t<\/div>\n\t\t\t\t<\/div>\n\t\t\t\t<div class=\"elementor-element elementor-element-7881257 elementor-widget elementor-widget-heading\" data-id=\"7881257\" data-element_type=\"widget\" data-widget_type=\"heading.default\">\n\t\t\t\t<div class=\"elementor-widget-container\">\n\t\t\t\t\t<h2 class=\"elementor-heading-title elementor-size-default\">Qu\u1ea3n L\u00fd Th\u01b0\u01a1ng Hi\u1ec7u Hi\u1ec7u Qu\u1ea3, Kinh Doanh V\u01b0\u1ee3t Tr\u1ed9i C\u00f9ng Skybet<\/h2>\t\t\t\t<\/div>\n\t\t\t\t<\/div>\n\t\t\t\t<div class=\"elementor-element elementor-element-fbfa0d1 elementor-widget elementor-widget-text-editor\" data-id=\"fbfa0d1\" data-element_type=\"widget\" data-widget_type=\"text-editor.default\">\n\t\t\t\t<div class=\"elementor-widget-container\">\n\t\t\t\t\t\t\t\t\t<p>V\u1edbi kh\u1ea3 n\u0103ng ph\u00e2n t\u00edch s\u00e2u s\u1eafc b\u00e1o c\u00e1o t\u00e0i ch\u00ednh v\u00e0 \u0111\u00e1nh gi\u00e1 s\u1ef1 t\u0103ng tr\u01b0\u1edfng h\u1ec7 th\u1ed1ng m\u1ed9t c\u00e1ch nhanh ch\u00f3ng, ch\u00fang t\u00f4i cam k\u1ebft mang \u0111\u1ebfn t\u01b0 v\u1ea5n chuy\u00ean s\u00e2u t\u1eeb c\u00e1c chuy\u00ean gia h\u00e0ng \u0111\u1ea7u trong l\u0129nh v\u1ef1c iGaming. Gi\u1ea3i ph\u00e1p c\u1ee7a ch\u00fang t\u00f4i gi\u00fap t\u1ed1i \u01b0u h\u00f3a hi\u1ec7u su\u1ea5t kinh doanh, t\u1eeb qu\u1ea3n l\u00fd ch\u1eb7t ch\u1ebd c\u00e1c ch\u1ec9 s\u1ed1 t\u00e0i ch\u00ednh \u0111\u1ebfn x\u00e2y d\u1ef1ng chi\u1ebfn l\u01b0\u1ee3c ph\u00e1t tri\u1ec3n b\u1ec1n v\u1eefng, \u0111\u1ea3m b\u1ea3o th\u00e0nh c\u00f4ng l\u00e2u d\u00e0i cho doanh nghi\u1ec7p c\u1ee7a b\u1ea1n.<\/p>\t\t\t\t\t\t\t\t<\/div>\n\t\t\t\t<\/div>\n\t\t\t\t<section class=\"elementor-section elementor-inner-section elementor-element elementor-element-04c562c elementor-section-boxed elementor-section-height-default elementor-section-height-default\" data-id=\"04c562c\" data-element_type=\"section\">\n\t\t\t\t\t\t<div class=\"elementor-container elementor-column-gap-default\">\n\t\t\t\t\t<div class=\"elementor-column elementor-col-50 elementor-inner-column elementor-element elementor-element-a41bac7\" data-id=\"a41bac7\" data-element_type=\"column\">\n\t\t\t<div class=\"elementor-widget-wrap elementor-element-populated\">\n\t\t\t\t\t\t<div class=\"elementor-element elementor-element-465e4bc elementor-widget elementor-widget-heading\" data-id=\"465e4bc\" data-element_type=\"widget\" data-widget_type=\"heading.default\">\n\t\t\t\t<div class=\"elementor-widget-container\">\n\t\t\t\t\t<h2 class=\"elementor-heading-title elementor-size-default\">L\u00fd Do N\u00ean S\u1edf H\u1eefu\nD\u1ecbch V\u1ee5 Qu\u1ea3n L\u00fd Th\u01b0\u01a1ng Hi\u1ec7u Ngay H\u00f4m Nay<\/h2>\t\t\t\t<\/div>\n\t\t\t\t<\/div>\n\t\t\t\t<div class=\"elementor-element elementor-element-0a6681d elementor-widget elementor-widget-text-editor\" data-id=\"0a6681d\" data-element_type=\"widget\" data-widget_type=\"text-editor.default\">\n\t\t\t\t<div class=\"elementor-widget-container\">\n\t\t\t\t\t\t\t\t\t<p>\u00c1p d\u1ee5ng quy tr\u00ecnh l\u00e0m vi\u1ec7c khoa h\u1ecdc v\u00e0 th\u00f4ng minh \u0111\u1ec3 qu\u1ea3n l\u00fd h\u1ec7 th\u1ed1ng hi\u1ec7u qu\u1ea3, ph\u00e1t tri\u1ec3n kh\u00e1ch h\u00e0ng v\u00e0 duy tr\u00ec \u1ed5n \u0111\u1ecbnh t\u00e0i ch\u00ednh.<\/p>\t\t\t\t\t\t\t\t<\/div>\n\t\t\t\t<\/div>\n\t\t\t\t<div class=\"elementor-element elementor-element-10d67eb elementor-icon-list--layout-traditional elementor-list-item-link-full_width elementor-widget elementor-widget-icon-list\" data-id=\"10d67eb\" data-element_type=\"widget\" data-widget_type=\"icon-list.default\">\n\t\t\t\t<div class=\"elementor-widget-container\">\n\t\t\t\t\t\t\t<ul class=\"elementor-icon-list-items\">\n\t\t\t\t\t\t\t<li class=\"elementor-icon-list-item\">\n\t\t\t\t\t\t\t\t\t\t\t<span class=\"elementor-icon-list-icon\">\n\t\t\t\t\t\t\t<i aria-hidden=\"true\" class=\" icon-11\"><\/i>\t\t\t\t\t\t<\/span>\n\t\t\t\t\t\t\t\t\t\t<span class=\"elementor-icon-list-text\">Mi\u1ec5n ph\u00ed s\u1eed d\u1ee5ng c\u00e1c d\u1ecbch v\u1ee5 VScan, VSup, VStat.<\/span>\n\t\t\t\t\t\t\t\t\t<\/li>\n\t\t\t\t\t\t\t\t<li class=\"elementor-icon-list-item\">\n\t\t\t\t\t\t\t\t\t\t\t<span class=\"elementor-icon-list-icon\">\n\t\t\t\t\t\t\t<i aria-hidden=\"true\" class=\" icon-11\"><\/i>\t\t\t\t\t\t<\/span>\n\t\t\t\t\t\t\t\t\t\t<span class=\"elementor-icon-list-text\">S\u1eed d\u1ee5ng ph\u1ea7n m\u1ec1m k\u1ebf to\u00e1n VietWin b\u1ea3o m\u1eadt v\u00e0 ch\u00ednh x\u00e1c.<\/span>\n\t\t\t\t\t\t\t\t\t<\/li>\n\t\t\t\t\t\t\t\t<li class=\"elementor-icon-list-item\">\n\t\t\t\t\t\t\t\t\t\t\t<span class=\"elementor-icon-list-icon\">\n\t\t\t\t\t\t\t<i aria-hidden=\"true\" class=\" icon-11\"><\/i>\t\t\t\t\t\t<\/span>\n\t\t\t\t\t\t\t\t\t\t<span class=\"elementor-icon-list-text\">Qu\u1ea3n l\u00fd h\u1ec7 th\u1ed1ng nhanh ch\u00f3ng, an to\u00e0n v\u00e0 hi\u1ec7u qu\u1ea3.<\/span>\n\t\t\t\t\t\t\t\t\t<\/li>\n\t\t\t\t\t\t<\/ul>\n\t\t\t\t\t\t<\/div>\n\t\t\t\t<\/div>\n\t\t\t\t\t<\/div>\n\t\t<\/div>\n\t\t\t\t<div class=\"elementor-column elementor-col-50 elementor-inner-column elementor-element elementor-element-a372357\" data-id=\"a372357\" data-element_type=\"column\">\n\t\t\t<div class=\"elementor-widget-wrap elementor-element-populated\">\n\t\t\t\t\t\t<div class=\"elementor-element elementor-element-136e8d4 elementor-widget elementor-widget-image\" data-id=\"136e8d4\" data-element_type=\"widget\" data-widget_type=\"image.default\">\n\t\t\t\t<div class=\"elementor-widget-container\">\n\t\t\t\t\t\t\t\t\t\t\t\t\t\t\t<img decoding=\"async\" width=\"410\" height=\"320\" src=\"https:\/\/skybet365.us\/wp-content\/uploads\/2025\/03\/DICH-VU-QUAN-LY-THUONG-HIEU-1.png\" class=\"attachment-full size-full wp-image-3394\" alt=\"\" srcset=\"https:\/\/skybet365.us\/wp-content\/uploads\/2025\/03\/DICH-VU-QUAN-LY-THUONG-HIEU-1.png 410w, https:\/\/skybet365.us\/wp-content\/uploads\/2025\/03\/DICH-VU-QUAN-LY-THUONG-HIEU-1-300x234.png 300w, https:\/\/skybet365.us\/wp-content\/uploads\/2025\/03\/DICH-VU-QUAN-LY-THUONG-HIEU-1-370x290.png 370w\" sizes=\"(max-width: 410px) 100vw, 410px\" \/>\t\t\t\t\t\t\t\t\t\t\t\t\t\t\t<\/div>\n\t\t\t\t<\/div>\n\t\t\t\t\t<\/div>\n\t\t<\/div>\n\t\t\t\t\t<\/div>\n\t\t<\/section>\n\t\t\t\t<div class=\"elementor-element elementor-element-749ce78 elementor-widget elementor-widget-heading\" data-id=\"749ce78\" data-element_type=\"widget\" data-widget_type=\"heading.default\">\n\t\t\t\t<div class=\"elementor-widget-container\">\n\t\t\t\t\t<h2 class=\"elementor-heading-title elementor-size-default\">KI\u1ec2M SO\u00c1T TH\u00d4NG MINH \u2013 T\u1ed0I \u01afU V\u1eacN H\u00c0NH KINH DOANH<\/h2>\t\t\t\t<\/div>\n\t\t\t\t<\/div>\n\t\t\t\t<div class=\"elementor-element elementor-element-7aaf563 elementor-widget elementor-widget-text-editor\" data-id=\"7aaf563\" data-element_type=\"widget\" data-widget_type=\"text-editor.default\">\n\t\t\t\t<div class=\"elementor-widget-container\">\n\t\t\t\t\t\t\t\t\t<p>L\u00e0 xu h\u01b0\u1edbng t\u1ea5t y\u1ebfu trong ho\u1ea1t \u0111\u1ed9ng kinh doanh hi\u1ec7n \u0111\u1ea1i, gi\u00fap t\u1ea1o d\u1ef1ng m\u1ed1i quan h\u1ec7 ch\u1eb7t ch\u1ebd, b\u1ec1n v\u1eefng gi\u1eefa nh\u00e0 cung c\u1ea5p v\u00e0 kh\u00e1ch h\u00e0ng.<\/p>\t\t\t\t\t\t\t\t<\/div>\n\t\t\t\t<\/div>\n\t\t\t\t<section class=\"elementor-section elementor-inner-section elementor-element elementor-element-fd6179e elementor-section-boxed elementor-section-height-default elementor-section-height-default\" data-id=\"fd6179e\" data-element_type=\"section\">\n\t\t\t\t\t\t<div class=\"elementor-container elementor-column-gap-default\">\n\t\t\t\t\t<div class=\"elementor-column elementor-col-50 elementor-inner-column elementor-element elementor-element-b782826\" data-id=\"b782826\" data-element_type=\"column\">\n\t\t\t<div class=\"elementor-widget-wrap elementor-element-populated\">\n\t\t\t\t\t\t<div class=\"elementor-element elementor-element-dcc1d92 elementor-widget elementor-widget-biztech_feature_block\" data-id=\"dcc1d92\" data-element_type=\"widget\" data-widget_type=\"biztech_feature_block.default\">\n\t\t\t\t<div class=\"elementor-widget-container\">\n\t\t\t\t\t        \n\t\t\t\t\n\t\t\t\t\n\t\t\t\t\n\t\t<section class=\"service-details p_relative pdoff\">\n\t\t\t<div class=\"content-side\">\n\t\t\t\t<div class=\"service-details-content\">\n\t\t\t\t\t<div class=\"content-three\">\n\t\t\t\t\t\t<div class=\"row clearfix\">\n\t\t\t\t\t\t\t<div class=\"single-column\">\n\t\t\t\t\t\t\t\t<div class=\"single-item\">\n\t\t\t\t\t\t\t\t\t<div class=\"icon-box\"><i class=\" icon-27\"><\/i><\/div>\n\t\t\t\t\t\t\t\t\t<h3>Thu\u1eadn Ti\u1ec7n<\/h3>\n\t\t\t\t\t\t\t\t\t<p>H\u1ed7 tr\u1ee3 nhi\u1ec1u ph\u01b0\u01a1ng th\u1ee9c thanh to\u00e1n v\u00e0 mi\u1ec5n ph\u00ed giao d\u1ecbch.<\/p>\n\t\t\t\t\t\t\t\t<\/div>\n\t\t\t\t\t\t\t<\/div>\n\t\t\t\t\t\t<\/div>\n\t\t\t\t\t<\/div>\n\t\t\t\t<\/div>\n\t\t\t<\/div>\n        <\/section>\n\t\t\n\t\t\n             \n\t\t\t\t\t\t<\/div>\n\t\t\t\t<\/div>\n\t\t\t\t\t<\/div>\n\t\t<\/div>\n\t\t\t\t<div class=\"elementor-column elementor-col-50 elementor-inner-column elementor-element elementor-element-16bc8af\" data-id=\"16bc8af\" data-element_type=\"column\">\n\t\t\t<div class=\"elementor-widget-wrap elementor-element-populated\">\n\t\t\t\t\t\t<div class=\"elementor-element elementor-element-235dd95 elementor-widget elementor-widget-biztech_feature_block\" data-id=\"235dd95\" data-element_type=\"widget\" data-widget_type=\"biztech_feature_block.default\">\n\t\t\t\t<div class=\"elementor-widget-container\">\n\t\t\t\t\t        \n\t\t\t\t\n\t\t\t\t\n\t\t\t\t\n\t\t<section class=\"service-details p_relative pdoff\">\n\t\t\t<div class=\"content-side\">\n\t\t\t\t<div class=\"service-details-content\">\n\t\t\t\t\t<div class=\"content-three\">\n\t\t\t\t\t\t<div class=\"row clearfix\">\n\t\t\t\t\t\t\t<div class=\"single-column\">\n\t\t\t\t\t\t\t\t<div class=\"single-item\">\n\t\t\t\t\t\t\t\t\t<div class=\"icon-box\"><i class=\"fas fa-hands-helping\"><\/i><\/div>\n\t\t\t\t\t\t\t\t\t<h3>An To\u00e0n<\/h3>\n\t\t\t\t\t\t\t\t\t<p>B\u1ea3o m\u1eadt th\u00f4ng tin, ng\u0103n ch\u1eb7n r\u1ee7i ro an ninh m\u1ea1ng v\u00e0 ti\u1ebft ki\u1ec7m chi ph\u00ed.<\/p>\n\t\t\t\t\t\t\t\t<\/div>\n\t\t\t\t\t\t\t<\/div>\n\t\t\t\t\t\t<\/div>\n\t\t\t\t\t<\/div>\n\t\t\t\t<\/div>\n\t\t\t<\/div>\n        <\/section>\n\t\t\n\t\t\n             \n\t\t\t\t\t\t<\/div>\n\t\t\t\t<\/div>\n\t\t\t\t\t<\/div>\n\t\t<\/div>\n\t\t\t\t\t<\/div>\n\t\t<\/section>\n\t\t\t\t<div class=\"elementor-element elementor-element-b6cced9 elementor-widget__width-initial elementor-widget elementor-widget-text-editor\" data-id=\"b6cced9\" data-element_type=\"widget\" data-widget_type=\"text-editor.default\">\n\t\t\t\t<div class=\"elementor-widget-container\">\n\t\t\t\t\t\t\t\t\t<p><span style=\"text-align: var(--bs-body-text-align);\">\ud83d\udd39\u00a0<\/span>Qu\u1ea3n l\u00fd kh\u00e1ch h\u00e0ng \u0111a c\u1ea5p hi\u1ec7u qu\u1ea3 \u2013 Ki\u1ec3m so\u00e1t linh ho\u1ea1t, t\u1ed1i \u01b0u v\u1eadn h\u00e0nh.<br \/>\ud83d\udd39 Gi\u00e1m s\u00e1t h\u1ec7 th\u1ed1ng d\u1eef li\u1ec7u 24\/7 \u2013 \u0110\u1ea3m b\u1ea3o an to\u00e0n, minh b\u1ea1ch tuy\u1ec7t \u0111\u1ed1i.<br \/>\ud83d\udd39 Ch\u1ee7 \u0111\u1ed9ng m\u1edf r\u1ed9ng v\u00e0 ph\u00e1t tri\u1ec3n kinh doanh \u2013 Gia t\u0103ng l\u1ee3i nhu\u1eadn, m\u1edf r\u1ed9ng th\u1ecb tr\u01b0\u1eddng.<\/p>\t\t\t\t\t\t\t\t<\/div>\n\t\t\t\t<\/div>\n\t\t\t\t\t<\/div>\n\t\t<\/div>\n\t\t\t\t\t<\/div>\n\t\t<\/section>\n\t\t\t\t\t<\/div>\n\t\t<\/div>\n\t\t\t\t\t<\/div>\n\t\t<\/section>\n\t\t\t\t<\/div>\n\t\t","protected":false},"excerpt":{"rendered":"<p>SKYBET Qu\u1ea3n L\u00fd Th\u01b0\u01a1ng Hi\u1ec7u SKYBET H\u1ed7 Tr\u1ee3 Skybet365@gmail.com 0936 666 888 Qu\u1ea3n L\u00fd Th\u01b0\u01a1ng Hi\u1ec7u Hi\u1ec7u Qu\u1ea3, Kinh Doanh V\u01b0\u1ee3t Tr\u1ed9i C\u00f9ng Skybet V\u1edbi kh\u1ea3 n\u0103ng ph\u00e2n t\u00edch s\u00e2u s\u1eafc b\u00e1o c\u00e1o t\u00e0i ch\u00ednh v\u00e0 \u0111\u00e1nh gi\u00e1 s\u1ef1 t\u0103ng tr\u01b0\u1edfng h\u1ec7 th\u1ed1ng m\u1ed9t c\u00e1ch nhanh ch\u00f3ng, ch\u00fang t\u00f4i cam k\u1ebft mang \u0111\u1ebfn t\u01b0 v\u1ea5n [&hellip;]<\/p>\n","protected":false},"author":1,"featured_media":0,"parent":0,"menu_order":0,"comment_status":"closed","ping_status":"closed","template":"","meta":{"footnotes":""},"class_list":["post-1067","page","type-page","status-publish","hentry"],"_links":{"self":[{"href":"https:\/\/skybet365.us\/index.php\/wp-json\/wp\/v2\/pages\/1067","targetHints":{"allow":["GET"]}}],"collection":[{"href":"https:\/\/skybet365.us\/index.php\/wp-json\/wp\/v2\/pages"}],"about":[{"href":"https:\/\/skybet365.us\/index.php\/wp-json\/wp\/v2\/types\/page"}],"author":[{"embeddable":true,"href":"https:\/\/skybet365.us\/index.php\/wp-json\/wp\/v2\/users\/1"}],"replies":[{"embeddable":true,"href":"https:\/\/skybet365.us\/index.php\/wp-json\/wp\/v2\/comments?post=1067"}],"version-history":[{"count":8,"href":"https:\/\/skybet365.us\/index.php\/wp-json\/wp\/v2\/pages\/1067\/revisions"}],"predecessor-version":[{"id":3400,"href":"https:\/\/skybet365.us\/index.php\/wp-json\/wp\/v2\/pages\/1067\/revisions\/3400"}],"wp:attachment":[{"href":"https:\/\/skybet365.us\/index.php\/wp-json\/wp\/v2\/media?parent=1067"}],"curies":[{"name":"wp","href":"https:\/\/api.w.org\/{rel}","templated":true}]}}