{"id":1710,"date":"2023-02-09T06:10:29","date_gmt":"2023-02-09T06:10:29","guid":{"rendered":"http:\/\/finestwp.com\/biztech\/?page_id=1710"},"modified":"2025-03-30T10:06:39","modified_gmt":"2025-03-30T03:06:39","slug":"skybet-san-pham","status":"publish","type":"page","link":"https:\/\/skybet365.us\/index.php\/skybet-san-pham\/","title":{"rendered":"S\u1ea2N PH\u1ea8M"},"content":{"rendered":"\t\t<div data-elementor-type=\"wp-page\" data-elementor-id=\"1710\" class=\"elementor elementor-1710\">\n\t\t\t\t\t\t<section class=\"elementor-section elementor-top-section elementor-element elementor-element-ac07fe8 elementor-section-full_width elementor-section-height-default elementor-section-height-default\" data-id=\"ac07fe8\" data-element_type=\"section\" data-settings=\"{&quot;background_background&quot;:&quot;classic&quot;}\">\n\t\t\t\t\t\t\t<div class=\"elementor-background-overlay\"><\/div>\n\t\t\t\t\t\t\t<div class=\"elementor-container elementor-column-gap-no\">\n\t\t\t\t\t<div class=\"elementor-column elementor-col-100 elementor-top-column elementor-element elementor-element-c1ff2af\" data-id=\"c1ff2af\" data-element_type=\"column\">\n\t\t\t<div class=\"elementor-widget-wrap elementor-element-populated\">\n\t\t\t\t\t\t<section class=\"elementor-section elementor-inner-section elementor-element elementor-element-a0197b9 elementor-section-full_width elementor-section-height-default elementor-section-height-default\" data-id=\"a0197b9\" data-element_type=\"section\">\n\t\t\t\t\t\t<div class=\"elementor-container elementor-column-gap-no\">\n\t\t\t\t\t<div class=\"elementor-column elementor-col-100 elementor-inner-column elementor-element elementor-element-dc46437\" data-id=\"dc46437\" data-element_type=\"column\">\n\t\t\t<div class=\"elementor-widget-wrap elementor-element-populated\">\n\t\t\t\t\t\t<section class=\"elementor-section elementor-inner-section elementor-element elementor-element-c08b4b7 elementor-section-boxed elementor-section-height-default elementor-section-height-default\" data-id=\"c08b4b7\" data-element_type=\"section\" data-settings=\"{&quot;background_background&quot;:&quot;classic&quot;}\">\n\t\t\t\t\t\t\t<div class=\"elementor-background-overlay\"><\/div>\n\t\t\t\t\t\t\t<div class=\"elementor-container elementor-column-gap-default\">\n\t\t\t\t\t<div class=\"elementor-column elementor-col-100 elementor-inner-column elementor-element elementor-element-ac5a956\" data-id=\"ac5a956\" data-element_type=\"column\">\n\t\t\t<div class=\"elementor-widget-wrap elementor-element-populated\">\n\t\t\t\t\t\t<section class=\"elementor-section elementor-inner-section elementor-element elementor-element-72109bb elementor-section-full_width elementor-section-height-default elementor-section-height-default\" data-id=\"72109bb\" data-element_type=\"section\">\n\t\t\t\t\t\t<div class=\"elementor-container elementor-column-gap-default\">\n\t\t\t\t\t<div class=\"elementor-column elementor-col-33 elementor-inner-column elementor-element elementor-element-6e6cdf2\" data-id=\"6e6cdf2\" data-element_type=\"column\">\n\t\t\t<div class=\"elementor-widget-wrap elementor-element-populated\">\n\t\t\t\t\t\t<div class=\"elementor-element elementor-element-de627b8 elementor-widget elementor-widget-biztech_feature_block\" data-id=\"de627b8\" data-element_type=\"widget\" data-widget_type=\"biztech_feature_block.default\">\n\t\t\t\t<div class=\"elementor-widget-container\">\n\t\t\t\t\t        \n\t\t\t\t\n\t\t\t\t\n\t\t<section class=\"feature-style-two \">\n\t\t\t<div class=\"feature-block\">\n\t\t\t\t<div class=\"feature-block-two mt_50  wow fadeInUp animated\" data-wow-delay=\"300ms\" data-wow-duration=\"1500ms\">\n\t\t\t\t\t<div class=\"inner-box\">\n\t\t\t\t\t\t<div class=\"icon-box\"><i class=\"fas fa-server\"><\/i><\/div>\n\t\t\t\t\t\t<h3><a href=\"https:\/\/skybet365.us\/index.php\/feature-block-02\/\">\u0110a D\u1ea1ng H\u1ec7 Th\u1ed1ng<\/a><\/h3>\n\t\t\t\t\t\t<p>Mang \u0111\u1ebfn nhi\u1ec1u th\u1ec3 lo\u1ea1i h\u1ea5p d\u1eabn, ph\u00f9 h\u1ee3p v\u1edbi m\u1ecdi s\u1edf th\u00edch v\u00e0 nhu c\u1ea7u c\u1ee7a ng\u01b0\u1eddi ch\u01a1i.<\/p>\n\t\t\t\t\t<\/div>\n\t\t\t\t<\/div>\n\t\t\t<\/div>\n\t\t<\/section>\n\t\t\n\t\t\t\t\n\t\t\n             \n\t\t\t\t\t\t<\/div>\n\t\t\t\t<\/div>\n\t\t\t\t<div class=\"elementor-element elementor-element-7b02a93 elementor-widget elementor-widget-biztech_feature_block\" data-id=\"7b02a93\" data-element_type=\"widget\" data-widget_type=\"biztech_feature_block.default\">\n\t\t\t\t<div class=\"elementor-widget-container\">\n\t\t\t\t\t        \n\t\t\t\t\n\t\t\t\t\n\t\t<section class=\"feature-style-two \">\n\t\t\t<div class=\"feature-block\">\n\t\t\t\t<div class=\"feature-block-two mt_50  wow fadeInUp animated\" data-wow-delay=\"300ms\" data-wow-duration=\"1500ms\">\n\t\t\t\t\t<div class=\"inner-box\">\n\t\t\t\t\t\t<div class=\"icon-box\"><i class=\"fas fa-headset\"><\/i><\/div>\n\t\t\t\t\t\t<h3><a href=\"https:\/\/skybet365.us\/index.php\/project-block-01\/\">H\u1ed7 Tr\u1ee3 Nhanh Ch\u00f3ng<\/a><\/h3>\n\t\t\t\t\t\t<p>\u0110\u1ed9i ng\u0169 t\u01b0 v\u1ea5n chuy\u00ean nghi\u1ec7p, lu\u00f4n s\u1eb5n s\u00e0ng l\u1eafng nghe v\u00e0 h\u1ed7 tr\u1ee3 m\u1ecdi y\u00eau c\u1ea7u c\u1ee7a kh\u00e1ch h\u00e0ng.<\/p>\n\t\t\t\t\t<\/div>\n\t\t\t\t<\/div>\n\t\t\t<\/div>\n\t\t<\/section>\n\t\t\n\t\t\t\t\n\t\t\n             \n\t\t\t\t\t\t<\/div>\n\t\t\t\t<\/div>\n\t\t\t\t\t<\/div>\n\t\t<\/div>\n\t\t\t\t<div class=\"elementor-column elementor-col-33 elementor-inner-column elementor-element elementor-element-9d5ce25\" data-id=\"9d5ce25\" data-element_type=\"column\">\n\t\t\t<div class=\"elementor-widget-wrap elementor-element-populated\">\n\t\t\t\t\t\t<div class=\"elementor-element elementor-element-78f0127 elementor-widget elementor-widget-biztech_feature_block\" data-id=\"78f0127\" data-element_type=\"widget\" data-widget_type=\"biztech_feature_block.default\">\n\t\t\t\t<div class=\"elementor-widget-container\">\n\t\t\t\t\t        \n\t\t\t\t\n\t\t\t\t\n\t\t<section class=\"feature-style-two \">\n\t\t\t<div class=\"feature-block\">\n\t\t\t\t<div class=\"feature-block-two mt_50  wow fadeInUp animated\" data-wow-delay=\"300ms\" data-wow-duration=\"1500ms\">\n\t\t\t\t\t<div class=\"inner-box\">\n\t\t\t\t\t\t<div class=\"icon-box\"><i class=\"far fa-star\"><\/i><\/div>\n\t\t\t\t\t\t<h3><a href=\"https:\/\/skybet365.us\/index.php\/service-block-02\/\">Ch\u1ea5t L\u01b0\u1ee3ng S\u1ea3n Ph\u1ea9m<\/a><\/h3>\n\t\t\t\t\t\t<p>H\u1ee3p t\u00e1c ph\u00e2n ph\u1ed1i c\u00e1c s\u1ea3n ph\u1ea9m uy t\u00edn, ch\u1ea5t l\u01b0\u1ee3ng, kh\u1eb3ng \u0111\u1ecbnh v\u1ecb th\u1ebf tr\u00ean th\u1ecb tr\u01b0\u1eddng.<\/p>\n\t\t\t\t\t<\/div>\n\t\t\t\t<\/div>\n\t\t\t<\/div>\n\t\t<\/section>\n\t\t\n\t\t\t\t\n\t\t\n             \n\t\t\t\t\t\t<\/div>\n\t\t\t\t<\/div>\n\t\t\t\t<div class=\"elementor-element elementor-element-ad8e2ff elementor-widget elementor-widget-biztech_feature_block\" data-id=\"ad8e2ff\" data-element_type=\"widget\" data-widget_type=\"biztech_feature_block.default\">\n\t\t\t\t<div class=\"elementor-widget-container\">\n\t\t\t\t\t        \n\t\t\t\t\n\t\t\t\t\n\t\t<section class=\"feature-style-two \">\n\t\t\t<div class=\"feature-block\">\n\t\t\t\t<div class=\"feature-block-two mt_50  wow fadeInUp animated\" data-wow-delay=\"300ms\" data-wow-duration=\"1500ms\">\n\t\t\t\t\t<div class=\"inner-box\">\n\t\t\t\t\t\t<div class=\"icon-box\"><i class=\" icon-8\"><\/i><\/div>\n\t\t\t\t\t\t<h3><a href=\"https:\/\/skybet365.us\/index.php\/feature-block-02\/\">Giao D\u1ecbch Uy T\u00edn<\/a><\/h3>\n\t\t\t\t\t\t<p>Giao d\u1ecbch d\u1ec5 d\u00e0ng, t\u1ed1c \u0111\u1ed9 nhanh ch\u00f3ng v\u00e0 \u0111\u1ea3m b\u1ea3o an to\u00e0n tuy\u1ec7t \u0111\u1ed1i.<\/p>\n\t\t\t\t\t<\/div>\n\t\t\t\t<\/div>\n\t\t\t<\/div>\n\t\t<\/section>\n\t\t\n\t\t\t\t\n\t\t\n             \n\t\t\t\t\t\t<\/div>\n\t\t\t\t<\/div>\n\t\t\t\t\t<\/div>\n\t\t<\/div>\n\t\t\t\t<div class=\"elementor-column elementor-col-33 elementor-inner-column elementor-element elementor-element-70210d2\" data-id=\"70210d2\" data-element_type=\"column\">\n\t\t\t<div class=\"elementor-widget-wrap elementor-element-populated\">\n\t\t\t\t\t\t<div class=\"elementor-element elementor-element-a1ba555 elementor-widget elementor-widget-biztech_feature_block\" data-id=\"a1ba555\" data-element_type=\"widget\" data-widget_type=\"biztech_feature_block.default\">\n\t\t\t\t<div class=\"elementor-widget-container\">\n\t\t\t\t\t        \n\t\t\t\t\n\t\t\t\t\n\t\t<section class=\"feature-style-two \">\n\t\t\t<div class=\"feature-block\">\n\t\t\t\t<div class=\"feature-block-two mt_50  wow fadeInUp animated\" data-wow-delay=\"300ms\" data-wow-duration=\"1500ms\">\n\t\t\t\t\t<div class=\"inner-box\">\n\t\t\t\t\t\t<div class=\"icon-box\"><i class=\"fas fa-hand-holding-usd\"><\/i><\/div>\n\t\t\t\t\t\t<h3><a href=\"https:\/\/skybet365.us\/index.php\/our-services-01\/\">Chi Ph\u00ed - Gi\u00e1 Th\u00e0nh<\/a><\/h3>\n\t\t\t\t\t\t<p>T\u1ed1i \u01b0u nh\u1ea5t tr\u00ean th\u1ecb tr\u01b0\u1eddng, cam k\u1ebft hi\u1ec7u qu\u1ea3 v\u01b0\u1ee3t tr\u1ed9i v\u00e0 l\u1ee3i nhu\u1eadn h\u1ea5p d\u1eabn.<\/p>\n\t\t\t\t\t<\/div>\n\t\t\t\t<\/div>\n\t\t\t<\/div>\n\t\t<\/section>\n\t\t\n\t\t\t\t\n\t\t\n             \n\t\t\t\t\t\t<\/div>\n\t\t\t\t<\/div>\n\t\t\t\t<div class=\"elementor-element elementor-element-1a8f3b5 elementor-widget elementor-widget-biztech_feature_block\" data-id=\"1a8f3b5\" data-element_type=\"widget\" data-widget_type=\"biztech_feature_block.default\">\n\t\t\t\t<div class=\"elementor-widget-container\">\n\t\t\t\t\t        \n\t\t\t\t\n\t\t\t\t\n\t\t<section class=\"feature-style-two \">\n\t\t\t<div class=\"feature-block\">\n\t\t\t\t<div class=\"feature-block-two mt_50  wow fadeInUp animated\" data-wow-delay=\"300ms\" data-wow-duration=\"1500ms\">\n\t\t\t\t\t<div class=\"inner-box\">\n\t\t\t\t\t\t<div class=\"icon-box\"><i class=\"fas fa-shield-alt\"><\/i><\/div>\n\t\t\t\t\t\t<h3><a href=\"https:\/\/skybet365.us\/index.php\/feature-block-02\/\">B\u1ea3o M\u1eadt Th\u00f4ng Tin<\/a><\/h3>\n\t\t\t\t\t\t<p>D\u1eef li\u1ec7u kh\u00e1ch h\u00e0ng \u0111\u01b0\u1ee3c qu\u1ea3n l\u00fd ch\u1eb7t ch\u1ebd, h\u1ec7 th\u1ed1ng h\u00f3a khoa h\u1ecdc v\u00e0 b\u1ea3o m\u1eadt tuy\u1ec7t \u0111\u1ed1i.\n\n\n\n\n\n<\/p>\n\t\t\t\t\t<\/div>\n\t\t\t\t<\/div>\n\t\t\t<\/div>\n\t\t<\/section>\n\t\t\n\t\t\t\t\n\t\t\n             \n\t\t\t\t\t\t<\/div>\n\t\t\t\t<\/div>\n\t\t\t\t\t<\/div>\n\t\t<\/div>\n\t\t\t\t\t<\/div>\n\t\t<\/section>\n\t\t\t\t\t<\/div>\n\t\t<\/div>\n\t\t\t\t\t<\/div>\n\t\t<\/section>\n\t\t\t\t\t<\/div>\n\t\t<\/div>\n\t\t\t\t\t<\/div>\n\t\t<\/section>\n\t\t\t\t\t<\/div>\n\t\t<\/div>\n\t\t\t\t\t<\/div>\n\t\t<\/section>\n\t\t\t\t<\/div>\n\t\t","protected":false},"excerpt":{"rendered":"<p>\u0110a D\u1ea1ng H\u1ec7 Th\u1ed1ng Mang \u0111\u1ebfn nhi\u1ec1u th\u1ec3 lo\u1ea1i h\u1ea5p d\u1eabn, ph\u00f9 h\u1ee3p v\u1edbi m\u1ecdi s\u1edf th\u00edch v\u00e0 nhu c\u1ea7u c\u1ee7a ng\u01b0\u1eddi ch\u01a1i. H\u1ed7 Tr\u1ee3 Nhanh Ch\u00f3ng \u0110\u1ed9i ng\u0169 t\u01b0 v\u1ea5n chuy\u00ean nghi\u1ec7p, lu\u00f4n s\u1eb5n s\u00e0ng l\u1eafng nghe v\u00e0 h\u1ed7 tr\u1ee3 m\u1ecdi y\u00eau c\u1ea7u c\u1ee7a kh\u00e1ch h\u00e0ng. Ch\u1ea5t L\u01b0\u1ee3ng S\u1ea3n Ph\u1ea9m H\u1ee3p t\u00e1c ph\u00e2n ph\u1ed1i [&hellip;]<\/p>\n","protected":false},"author":2,"featured_media":0,"parent":0,"menu_order":0,"comment_status":"closed","ping_status":"closed","template":"tpl-default-elementor.php","meta":{"footnotes":""},"class_list":["post-1710","page","type-page","status-publish","hentry"],"_links":{"self":[{"href":"https:\/\/skybet365.us\/index.php\/wp-json\/wp\/v2\/pages\/1710","targetHints":{"allow":["GET"]}}],"collection":[{"href":"https:\/\/skybet365.us\/index.php\/wp-json\/wp\/v2\/pages"}],"about":[{"href":"https:\/\/skybet365.us\/index.php\/wp-json\/wp\/v2\/types\/page"}],"author":[{"embeddable":true,"href":"https:\/\/skybet365.us\/index.php\/wp-json\/wp\/v2\/users\/2"}],"replies":[{"embeddable":true,"href":"https:\/\/skybet365.us\/index.php\/wp-json\/wp\/v2\/comments?post=1710"}],"version-history":[{"count":10,"href":"https:\/\/skybet365.us\/index.php\/wp-json\/wp\/v2\/pages\/1710\/revisions"}],"predecessor-version":[{"id":3412,"href":"https:\/\/skybet365.us\/index.php\/wp-json\/wp\/v2\/pages\/1710\/revisions\/3412"}],"wp:attachment":[{"href":"https:\/\/skybet365.us\/index.php\/wp-json\/wp\/v2\/media?parent=1710"}],"curies":[{"name":"wp","href":"https:\/\/api.w.org\/{rel}","templated":true}]}}