{"id":1711,"date":"2023-02-09T06:10:52","date_gmt":"2023-02-09T06:10:52","guid":{"rendered":"http:\/\/finestwp.com\/biztech\/?page_id=1711"},"modified":"2025-03-30T18:15:00","modified_gmt":"2025-03-30T11:15:00","slug":"skybet-the-thao","status":"publish","type":"page","link":"https:\/\/skybet365.us\/index.php\/skybet-the-thao\/","title":{"rendered":"TH\u1ec2 THAO"},"content":{"rendered":"\t\t<div data-elementor-type=\"wp-page\" data-elementor-id=\"1711\" class=\"elementor elementor-1711\">\n\t\t\t\t\t\t<section class=\"elementor-section elementor-top-section elementor-element elementor-element-1c9d50d elementor-section-full_width elementor-section-height-default elementor-section-height-default\" data-id=\"1c9d50d\" data-element_type=\"section\">\n\t\t\t\t\t\t<div class=\"elementor-container elementor-column-gap-no\">\n\t\t\t\t\t<div class=\"elementor-column elementor-col-100 elementor-top-column elementor-element elementor-element-04664dd\" data-id=\"04664dd\" data-element_type=\"column\">\n\t\t\t<div class=\"elementor-widget-wrap elementor-element-populated\">\n\t\t\t\t\t\t<div class=\"elementor-element elementor-element-055e077 elementor-widget elementor-widget-biztech_feature_block2\" data-id=\"055e077\" data-element_type=\"widget\" data-widget_type=\"biztech_feature_block2.default\">\n\t\t\t\t<div class=\"elementor-widget-container\">\n\t\t\t\t\t\t\t\n\n\t <script>\n jQuery(document).ready(function($) {\n\n\/\/put the js code under this line \n\n\tif ($(\".three-item-carousel\").length) {\n\t\t$(\".three-item-carousel\").owlCarousel({\n\t\t\tloop:true,\n\t\t\tmargin:30,\n\t\t\tnav:true,\n\t\t\tsmartSpeed: 500,\n\t\t\tautoplay: 1000,\n\t\t\tresponsive:{\n\t\t\t\t0:{\n\t\t\t\t\titems:1\n\t\t\t\t},\n\t\t\t\t480:{\n\t\t\t\t\titems:1\n\t\t\t\t},\n\t\t\t\t600:{\n\t\t\t\t\titems:2\n\t\t\t\t},\n\t\t\t\t800:{\n\t\t\t\t\titems:2\n\t\t\t\t},\t\t\t\n\t\t\t\t1200:{\n\t\t\t\t\titems:3\n\t\t\t\t}\n\n\t\t\t}\n\t\t});    \t\t\n\t}\n\n\/\/put the code above the line \n\n  });\n<\/script>\n\t        \n\t<section class=\"feature-section bg-color-1 sec-pad centred elements-page \">\n\t\t<div class=\"pattern-layer\">\n\t\t\t\t\t\t<div class=\"pattern-1\" style=\"background-image: url(https:\/\/skybet365.us\/wp-content\/uploads\/2023\/01\/shape-2.png);\">\n\t\t\t\t\t\t<\/div>\n\t\t\t\t\t\t<div class=\"pattern-2\" style=\"background-image: url(https:\/\/skybet365.us\/wp-content\/uploads\/2023\/01\/shape-3.png);\">\n\t\t\t\t\t\t<\/div>\n\t\t<\/div>\n\t\t<div class=\"auto-container\">\n\t\t\t<div class=\"three-item-carousel owl-carousel owl-theme owl-dots-none owl-nav-none\">\n\t\t\t\n\t\t\t\t\t\t\t\n\t\t\t\t<div class=\"feature-block-one\">\n\t\t\t\t\t<div class=\"inner-box\">\n\t\t\t\t\t\t<figure class=\"image-box\">\n\t\t\t\t\t\t\t   \n\t\t\t\t\t\t\t\t<img decoding=\"async\" src=\"https:\/\/skybet365.us\/wp-content\/uploads\/2025\/03\/bez88.png\" alt=\"\">\n\t\t\t\t\t\t\t\t\t\t\t\t\t<\/figure>\n\t\t\t\t\t\t<div class=\"lower-content\">\n\t\t\t\t\t\t\t<div class=\"icon-box\"><i class=\"fas fa-baseball-ball\"><\/i><\/div>\n\t\t\t\t\t\t\t<h3><a href=\"https:\/\/skybet365.us\/index.php\/2025\/03\/29\/bez88-dinh-cao-ca-cuoc\/\">BEZ88<\/a><\/h3>\n\t\t\t\t\t\t\t<p>BEZ88 l\u00e0 s\u1ef1 l\u1ef1a ch\u1ecdn h\u00e0ng \u0111\u1ea7u d\u00e0nh cho nh\u1eefng ng\u01b0\u1eddi y\u00eau th\u00edch c\u00e1 c\u01b0\u1ee3c th\u1ec3 thao. V\u1edbi giao di\u1ec7n th\u00e2n thi\u1ec7n v\u00e0 c\u1eadp nh\u1eadt nhanh ch\u00f3ng c\u00e1c t\u1ef7 l\u1ec7 c\u01b0\u1ee3c, BEZ88 mang \u0111\u1ebfn tr\u1ea3i nghi\u1ec7m \u0111\u1ec9nh cao cho ng\u01b0\u1eddi ch\u01a1i. H\u00e3y kh\u00e1m ph\u00e1 nh\u1eefng \u01b0u \u0111i\u1ec3m n\u1ed5i b\u1eadt c\u1ee7a BEZ88 \u0111\u1ec3 c\u00f3 tr\u1ea3i nghi\u1ec7m th\u00fa v\u1ecb h\u01a1n.<\/p>\n\t\t\t\t\t\t<\/div>\n\t\t\t\t\t<\/div>\n\t\t\t\t<\/div>\n\t\t\t\t\n\t\t\t\t\t\t\t\n\t\t\t\t<div class=\"feature-block-one\">\n\t\t\t\t\t<div class=\"inner-box\">\n\t\t\t\t\t\t<figure class=\"image-box\">\n\t\t\t\t\t\t\t   \n\t\t\t\t\t\t\t\t<img decoding=\"async\" src=\"https:\/\/skybet365.us\/wp-content\/uploads\/2025\/03\/SKYBET-1-1.png\" alt=\"\">\n\t\t\t\t\t\t\t\t\t\t\t\t\t<\/figure>\n\t\t\t\t\t\t<div class=\"lower-content\">\n\t\t\t\t\t\t\t<div class=\"icon-box\"><i class=\"fas fa-football-ball\"><\/i><\/div>\n\t\t\t\t\t\t\t<h3><a href=\"https:\/\/skybet365.us\/index.php\/2025\/03\/29\/fishbet-nen-tang-ca-cuoc\/\">Fishbet<\/a><\/h3>\n\t\t\t\t\t\t\t<p>Kh\u00e1m ph\u00e1 Fishbet \u2013 n\u1ec1n t\u1ea3ng c\u00e1 c\u01b0\u1ee3c h\u00e0ng \u0111\u1ea7u t\u1ea1i Vi\u1ec7t Nam v\u1edbi d\u1ecbch v\u1ee5 \u0111a d\u1ea1ng t\u1eeb Sportsbook, Live Casino, Slot Games \u0111\u1ebfn Lottery. Giao di\u1ec7n th\u00e2n thi\u1ec7n, nhi\u1ec1u l\u1ef1a ch\u1ecdn k\u00e8o c\u01b0\u1ee3c v\u00e0 s\u1ef1 \u0111\u1ea7u t\u01b0 m\u1ea1nh m\u1ebd v\u00e0o Casino l\u00e0m n\u00ean s\u1ef1 n\u1ed5i b\u1eadt c\u1ee7a Fishbet.<\/p>\n\t\t\t\t\t\t<\/div>\n\t\t\t\t\t<\/div>\n\t\t\t\t<\/div>\n\t\t\t\t\n\t\t\t\t\t\t\t\n\t\t\t\t<div class=\"feature-block-one\">\n\t\t\t\t\t<div class=\"inner-box\">\n\t\t\t\t\t\t<figure class=\"image-box\">\n\t\t\t\t\t\t\t   \n\t\t\t\t\t\t\t\t<img decoding=\"async\" src=\"https:\/\/skybet365.us\/wp-content\/uploads\/2025\/03\/viva88.png\" alt=\"\">\n\t\t\t\t\t\t\t\t\t\t\t\t\t<\/figure>\n\t\t\t\t\t\t<div class=\"lower-content\">\n\t\t\t\t\t\t\t<div class=\"icon-box\"><i class=\"fas fa-dice-six\"><\/i><\/div>\n\t\t\t\t\t\t\t<h3><a href=\"https:\/\/finestwp.com\/biztech\/business-intelligence\/\" target=\"_blank\" rel=\"noopener\">Viva88 <\/a><\/h3>\n\t\t\t\t\t\t\t<p>L\u00e0 m\u1ed9t trong nh\u1eefng t\u00ean tu\u1ed5i l\u00e3o l\u00e0ng trong l\u0129nh v\u1ef1c c\u00e1 c\u01b0\u1ee3c th\u1ec3 thao, Viva88 \u0111\u00e3 v\u00e0 \u0111ang kh\u1eb3ng \u0111\u1ecbnh v\u1ecb th\u1ebf v\u1eefng ch\u1eafc t\u1ea1i Vi\u1ec7t Nam v\u00e0 ch\u00e2u \u00c1. <\/p>\n\t\t\t\t\t\t<\/div>\n\t\t\t\t\t<\/div>\n\t\t\t\t<\/div>\n\t\t\t\t\n\t\t\t\t\t\t\t\n\t\t\t\t<div class=\"feature-block-one\">\n\t\t\t\t\t<div class=\"inner-box\">\n\t\t\t\t\t\t<figure class=\"image-box\">\n\t\t\t\t\t\t\t   \n\t\t\t\t\t\t\t\t<img decoding=\"async\" src=\"https:\/\/skybet365.us\/wp-content\/uploads\/2025\/03\/umbet.png\" alt=\"\">\n\t\t\t\t\t\t\t\t\t\t\t\t\t<\/figure>\n\t\t\t\t\t\t<div class=\"lower-content\">\n\t\t\t\t\t\t\t<div class=\"icon-box\"><i class=\"fas fa-dice-three\"><\/i><\/div>\n\t\t\t\t\t\t\t<h3><a href=\"https:\/\/finestwp.com\/biztech\/business-intelligence\/\" target=\"_blank\" rel=\"noopener\">3IN1BET<\/a><\/h3>\n\t\t\t\t\t\t\t<p> 3in1Bet mang \u0111\u1ebfn nh\u1eefng tr\u1ea3i nghi\u1ec7m c\u00e1 c\u01b0\u1ee3c th\u1ec3 thao v\u00e0 gi\u1ea3i tr\u00ed \u0111\u1ec9nh cao. \u0110\u01b0\u1ee3c c\u1ea5p ph\u00e9p ho\u1ea1t \u0111\u1ed9ng h\u1ee3p ph\u00e1p t\u1ea1i Philippines, nh\u00e0 c\u00e1i n\u00e0y \u0111\u00e3 chi\u1ebfm \u0111\u01b0\u1ee3c l\u00f2ng tin c\u1ee7a h\u00e0ng tri\u1ec7u ng\u01b0\u1eddi ch\u01a1i.<\/p>\n\t\t\t\t\t\t<\/div>\n\t\t\t\t\t<\/div>\n\t\t\t\t<\/div>\n\t\t\t\t\n\t\t\t\t\t\t\t\n\t\t\t\t<div class=\"feature-block-one\">\n\t\t\t\t\t<div class=\"inner-box\">\n\t\t\t\t\t\t<figure class=\"image-box\">\n\t\t\t\t\t\t\t   \n\t\t\t\t\t\t\t\t<img decoding=\"async\" src=\"https:\/\/skybet365.us\/wp-content\/uploads\/2025\/03\/umbet-1.png\" alt=\"\">\n\t\t\t\t\t\t\t\t\t\t\t\t\t<\/figure>\n\t\t\t\t\t\t<div class=\"lower-content\">\n\t\t\t\t\t\t\t<div class=\"icon-box\"><i class=\"fas fa-gamepad\"><\/i><\/div>\n\t\t\t\t\t\t\t<h3><a href=\"https:\/\/skybet365.us\/index.php\/2025\/03\/30\/umbet-the-thao-casino-game\/\">UMBET<\/a><\/h3>\n\t\t\t\t\t\t\t<p>UMBET nhanh ch\u00f3ng thu h\u00fat s\u1ef1 quan t\u00e2m c\u1ee7a c\u1ed9ng \u0111\u1ed3ng c\u00e1 c\u01b0\u1ee3c. T\u00edch h\u1ee3p \u0111a d\u1ea1ng c\u00e1c d\u1ecbch v\u1ee5 t\u1eeb Sportsbook cho c\u00e1 c\u01b0\u1ee3c th\u1ec3 thao, Live Casino v\u1edbi tr\u1ea3i nghi\u1ec7m s\u00f2ng b\u1ea1c ch\u00e2n th\u1ef1c, \u0111\u1ebfn Slots Game v\u00e0 Fishing, UMBET mang \u0111\u1ebfn m\u1ed9t th\u1ebf gi\u1edbi gi\u1ea3i tr\u00ed tr\u1ef1c tuy\u1ebfn \u0111\u1eb3ng c\u1ea5p.<\/p>\n\t\t\t\t\t\t<\/div>\n\t\t\t\t\t<\/div>\n\t\t\t\t<\/div>\n\t\t\t\t\n\t\t\t\t\t\t\t\t\n\t\t\t<\/div>\n\t\t<\/div>\n\t<\/section>\n\t\n\t\t\t\n\t\n             \n\t\t\t\t\t\t<\/div>\n\t\t\t\t<\/div>\n\t\t\t\t\t<\/div>\n\t\t<\/div>\n\t\t\t\t\t<\/div>\n\t\t<\/section>\n\t\t\t\t<\/div>\n\t\t","protected":false},"excerpt":{"rendered":"<p>BEZ88 BEZ88 l\u00e0 s\u1ef1 l\u1ef1a ch\u1ecdn h\u00e0ng \u0111\u1ea7u d\u00e0nh cho nh\u1eefng ng\u01b0\u1eddi y\u00eau th\u00edch c\u00e1 c\u01b0\u1ee3c th\u1ec3 thao. V\u1edbi giao di\u1ec7n th\u00e2n thi\u1ec7n v\u00e0 c\u1eadp nh\u1eadt nhanh ch\u00f3ng c\u00e1c t\u1ef7 l\u1ec7 c\u01b0\u1ee3c, BEZ88 mang \u0111\u1ebfn tr\u1ea3i nghi\u1ec7m \u0111\u1ec9nh cao cho ng\u01b0\u1eddi ch\u01a1i. H\u00e3y kh\u00e1m ph\u00e1 nh\u1eefng \u01b0u \u0111i\u1ec3m n\u1ed5i b\u1eadt c\u1ee7a BEZ88 \u0111\u1ec3 c\u00f3 tr\u1ea3i [&hellip;]<\/p>\n","protected":false},"author":2,"featured_media":0,"parent":0,"menu_order":0,"comment_status":"closed","ping_status":"closed","template":"tpl-default-elementor.php","meta":{"footnotes":""},"class_list":["post-1711","page","type-page","status-publish","hentry"],"_links":{"self":[{"href":"https:\/\/skybet365.us\/index.php\/wp-json\/wp\/v2\/pages\/1711","targetHints":{"allow":["GET"]}}],"collection":[{"href":"https:\/\/skybet365.us\/index.php\/wp-json\/wp\/v2\/pages"}],"about":[{"href":"https:\/\/skybet365.us\/index.php\/wp-json\/wp\/v2\/types\/page"}],"author":[{"embeddable":true,"href":"https:\/\/skybet365.us\/index.php\/wp-json\/wp\/v2\/users\/2"}],"replies":[{"embeddable":true,"href":"https:\/\/skybet365.us\/index.php\/wp-json\/wp\/v2\/comments?post=1711"}],"version-history":[{"count":16,"href":"https:\/\/skybet365.us\/index.php\/wp-json\/wp\/v2\/pages\/1711\/revisions"}],"predecessor-version":[{"id":3590,"href":"https:\/\/skybet365.us\/index.php\/wp-json\/wp\/v2\/pages\/1711\/revisions\/3590"}],"wp:attachment":[{"href":"https:\/\/skybet365.us\/index.php\/wp-json\/wp\/v2\/media?parent=1711"}],"curies":[{"name":"wp","href":"https:\/\/api.w.org\/{rel}","templated":true}]}}