{"id":1714,"date":"2023-02-09T06:12:18","date_gmt":"2023-02-09T06:12:18","guid":{"rendered":"http:\/\/finestwp.com\/biztech\/?page_id=1714"},"modified":"2025-03-30T17:31:30","modified_gmt":"2025-03-30T10:31:30","slug":"skybet-song-bac","status":"publish","type":"page","link":"https:\/\/skybet365.us\/index.php\/skybet-song-bac\/","title":{"rendered":"S\u00d2NG B\u1ea0C"},"content":{"rendered":"\t\t<div data-elementor-type=\"wp-page\" data-elementor-id=\"1714\" class=\"elementor elementor-1714\">\n\t\t\t\t\t\t<section class=\"elementor-section elementor-top-section elementor-element elementor-element-4617c3a elementor-section-full_width elementor-section-height-default elementor-section-height-default\" data-id=\"4617c3a\" data-element_type=\"section\">\n\t\t\t\t\t\t<div class=\"elementor-container elementor-column-gap-no\">\n\t\t\t\t\t<div class=\"elementor-column elementor-col-100 elementor-top-column elementor-element elementor-element-b5860ef\" data-id=\"b5860ef\" data-element_type=\"column\">\n\t\t\t<div class=\"elementor-widget-wrap elementor-element-populated\">\n\t\t\t\t\t\t<div class=\"elementor-element elementor-element-24329d3 elementor-widget elementor-widget-biztech_feature_block2\" data-id=\"24329d3\" data-element_type=\"widget\" data-widget_type=\"biztech_feature_block2.default\">\n\t\t\t\t<div class=\"elementor-widget-container\">\n\t\t\t\t\t\t\t\n\n\t <script>\n jQuery(document).ready(function($) {\n\n\/\/put the js code under this line \n\n\tif ($(\".three-item-carousel\").length) {\n\t\t$(\".three-item-carousel\").owlCarousel({\n\t\t\tloop:true,\n\t\t\tmargin:30,\n\t\t\tnav:true,\n\t\t\tsmartSpeed: 500,\n\t\t\tautoplay: 1000,\n\t\t\tresponsive:{\n\t\t\t\t0:{\n\t\t\t\t\titems:1\n\t\t\t\t},\n\t\t\t\t480:{\n\t\t\t\t\titems:1\n\t\t\t\t},\n\t\t\t\t600:{\n\t\t\t\t\titems:2\n\t\t\t\t},\n\t\t\t\t800:{\n\t\t\t\t\titems:2\n\t\t\t\t},\t\t\t\n\t\t\t\t1200:{\n\t\t\t\t\titems:3\n\t\t\t\t}\n\n\t\t\t}\n\t\t});    \t\t\n\t}\n\n\/\/put the code above the line \n\n  });\n<\/script>\n\t\t\t\n\t\t\n\t<section class=\"service-style-two p_relative bg-color-1 elements-page \">\n\t\t<div class=\"auto-container\">\n\t\t\t<div class=\"three-item-carousel owl-carousel owl-theme owl-dots-none owl-nav-none\">\n\t\t\t\n\t\t\t\t\t\t\t\n\t\t\t\t<div class=\"service-block-two\">\n\t\t\t\t\t<div class=\"inner-box\">\n\t\t\t\t\t\t<figure class=\"image-box\">\n\t\t\t\t\t\t\t   \n\t\t\t\t\t\t\t\t<img decoding=\"async\" src=\"https:\/\/skybet365.us\/wp-content\/uploads\/2025\/03\/SGD777.png\" alt=\"\">\n\t\t\t\t\t\t\t\t\t\t\t\t\t<\/figure>\n\t\t\t\t\t\t<div class=\"lower-content\">\n\t\t\t\t\t\t\t<div class=\"inner\">\n\t\t\t\t\t\t\t\t<div class=\"icon-box\"><i class=\"fas fa-dice-three\"><\/i><\/div>\n\t\t\t\t\t\t\t\t<h3><a href=\"https:\/\/skybet365.us\/index.php\/2025\/03\/30\/sgd777-trai-nghiem-live-casino\/\">SGD777<\/a><\/h3>\n\t\t\t\t\t\t\t\t<p>Casino tr\u1ef1c tuy\u1ebfn SGD777 l\u00e0 m\u1ed9t trong nh\u1eefng c\u00e1i t\u00ean ra \u0111\u1eddi t\u1eeb r\u1ea5t s\u1edbm v\u00e0 cung c\u1ea5p \u0111a d\u1ea1ng c\u00e1c tr\u00f2 ch\u01a1i c\u0169 v\u00e0 m\u1edbi, \u0111i\u1ec3n h\u00ecnh l\u00e0 nhi\u1ec1u phong c\u00e1ch \u0111\u00e1nh b\u00e0i Baccarat (3 l\u00e1), Blackjack (X\u00ec d\u00e1ch)<\/p>\n\t\t\t\t\t\t\t\t\n\t\t\t\t\t\t\t\t\t\t\t\t\t\t\t\t<div class=\"btn-box\">\n\t\t\t\t\t\t\t\t\t<a href=\"https:\/\/skybet365.us\/index.php\/2025\/03\/30\/sgd777-trai-nghiem-live-casino\/\" class=\"theme-btn-one\">Xem th\u00eam<\/a>\n\t\t\t\t\t\t\t\t<\/div>\n\t\t\t\t\t\t\t\t\t\t\t\t\t\t\t<\/div>\n\t\t\t\t\t\t<\/div>\n\t\t\t\t\t<\/div>\n\t\t\t\t<\/div>\n\t\t\t\t\n\t\t\t\t\t\t\t\n\t\t\t\t<div class=\"service-block-two\">\n\t\t\t\t\t<div class=\"inner-box\">\n\t\t\t\t\t\t<figure class=\"image-box\">\n\t\t\t\t\t\t\t   \n\t\t\t\t\t\t\t\t<img decoding=\"async\" src=\"https:\/\/skybet365.us\/wp-content\/uploads\/2025\/03\/SGD777-1.png\" alt=\"\">\n\t\t\t\t\t\t\t\t\t\t\t\t\t<\/figure>\n\t\t\t\t\t\t<div class=\"lower-content\">\n\t\t\t\t\t\t\t<div class=\"inner\">\n\t\t\t\t\t\t\t\t<div class=\"icon-box\"><i class=\"fas fa-football-ball\"><\/i><\/div>\n\t\t\t\t\t\t\t\t<h3><a href=\"https:\/\/skybet365.us\/index.php\/2023\/01\/09\/lvs-las-vegas-sun\/\">LVS (Las Vegas Sun)<\/a><\/h3>\n\t\t\t\t\t\t\t\t<p>LVS cung c\u00e2\u0301p nh\u01b0\u0303ng tro\u0300 ch\u01a1i quen thu\u00f4\u0323c va\u0300 co\u0301 lu\u1eadt ch\u01a1i \u0111\u01a1n gia\u0309n: Xo\u0301c \u0111i\u0303a, Ba\u0300i ca\u0300o (Baccarat), Ba\u0300n quay (Roulette), R\u00f4\u0300ng h\u00f4\u0309, Ta\u0300i Xi\u0309u. Nh\u01b0\u0303ng tro\u0300 ch\u01a1i na\u0300y \u0111\u00ea\u0300u \u0111\u01b0\u01a1\u0323c h\u00e2\u0300u h\u00ea\u0301t ng\u01b0\u01a1\u0300i ch\u01a1i ca\u0301 c\u01b0\u01a1\u0323c \u01b0a thi\u0301ch.<\/p>\n\t\t\t\t\t\t\t\t\n\t\t\t\t\t\t\t\t\t\t\t\t\t\t\t\t<div class=\"btn-box\">\n\t\t\t\t\t\t\t\t\t<a href=\"https:\/\/skybet365.us\/index.php\/2023\/01\/09\/lvs-las-vegas-sun\/\" class=\"theme-btn-one\">Xem th\u00eam<\/a>\n\t\t\t\t\t\t\t\t<\/div>\n\t\t\t\t\t\t\t\t\t\t\t\t\t\t\t<\/div>\n\t\t\t\t\t\t<\/div>\n\t\t\t\t\t<\/div>\n\t\t\t\t<\/div>\n\t\t\t\t\n\t\t\t\t\t\t\t\n\t\t\t\t<div class=\"service-block-two\">\n\t\t\t\t\t<div class=\"inner-box\">\n\t\t\t\t\t\t<figure class=\"image-box\">\n\t\t\t\t\t\t\t   \n\t\t\t\t\t\t\t\t<img decoding=\"async\" src=\"https:\/\/skybet365.us\/wp-content\/uploads\/2025\/03\/SGD777-2.png\" alt=\"\">\n\t\t\t\t\t\t\t\t\t\t\t\t\t<\/figure>\n\t\t\t\t\t\t<div class=\"lower-content\">\n\t\t\t\t\t\t\t<div class=\"inner\">\n\t\t\t\t\t\t\t\t<div class=\"icon-box\"><i class=\" icon-29\"><\/i><\/div>\n\t\t\t\t\t\t\t\t<h3><a href=\"\">Wcasino<\/a><\/h3>\n\t\t\t\t\t\t\t\t<p> W Casino cung c\u1ea5p m\u1ed9t th\u01b0 vi\u1ec7n tr\u00f2 ch\u01a1i \u0111a d\u1ea1ng, t\u1eeb c\u00e1c m\u00e1y \u0111\u00e1nh b\u1ea1c c\u1ed5 \u0111i\u1ec3n \u0111\u1ebfn c\u00e1c video slot hi\u1ec7n \u0111\u1ea1i. Ngo\u00e0i ra, n\u1ec1n t\u1ea3ng c\u00f2n h\u1ed7 tr\u1ee3 nhi\u1ec1u ng\u00f4n ng\u1eef v\u00e0 ti\u1ec1n t\u1ec7, mang \u0111\u1ebfn tr\u1ea3i nghi\u1ec7m ch\u01a1i game to\u00e0n c\u1ea7u cho ng\u01b0\u1eddi d\u00f9ng.<\/p>\n\t\t\t\t\t\t\t\t\n\t\t\t\t\t\t\t\t\t\t\t\t\t\t\t\t<div class=\"btn-box\">\n\t\t\t\t\t\t\t\t\t<a href=\"\" class=\"theme-btn-one\">Xem th\u00eam<\/a>\n\t\t\t\t\t\t\t\t<\/div>\n\t\t\t\t\t\t\t\t\t\t\t\t\t\t\t<\/div>\n\t\t\t\t\t\t<\/div>\n\t\t\t\t\t<\/div>\n\t\t\t\t<\/div>\n\t\t\t\t\n\t\t\t\t\t\t\t\t\n\t\t\t<\/div>\n\t\t<\/div>\n\t<\/section>\n\t\n\t\n             \n\t\t\t\t\t\t<\/div>\n\t\t\t\t<\/div>\n\t\t\t\t\t<\/div>\n\t\t<\/div>\n\t\t\t\t\t<\/div>\n\t\t<\/section>\n\t\t\t\t<\/div>\n\t\t","protected":false},"excerpt":{"rendered":"<p>SGD777 Casino tr\u1ef1c tuy\u1ebfn SGD777 l\u00e0 m\u1ed9t trong nh\u1eefng c\u00e1i t\u00ean ra \u0111\u1eddi t\u1eeb r\u1ea5t s\u1edbm v\u00e0 cung c\u1ea5p \u0111a d\u1ea1ng c\u00e1c tr\u00f2 ch\u01a1i c\u0169 v\u00e0 m\u1edbi, \u0111i\u1ec3n h\u00ecnh l\u00e0 nhi\u1ec1u phong c\u00e1ch \u0111\u00e1nh b\u00e0i Baccarat (3 l\u00e1), Blackjack (X\u00ec d\u00e1ch) Xem th\u00eam LVS (Las Vegas Sun) LVS cung c\u00e2\u0301p nh\u01b0\u0303ng tro\u0300 ch\u01a1i quen thu\u00f4\u0323c [&hellip;]<\/p>\n","protected":false},"author":2,"featured_media":0,"parent":0,"menu_order":0,"comment_status":"closed","ping_status":"closed","template":"tpl-default-elementor.php","meta":{"footnotes":""},"class_list":["post-1714","page","type-page","status-publish","hentry"],"_links":{"self":[{"href":"https:\/\/skybet365.us\/index.php\/wp-json\/wp\/v2\/pages\/1714","targetHints":{"allow":["GET"]}}],"collection":[{"href":"https:\/\/skybet365.us\/index.php\/wp-json\/wp\/v2\/pages"}],"about":[{"href":"https:\/\/skybet365.us\/index.php\/wp-json\/wp\/v2\/types\/page"}],"author":[{"embeddable":true,"href":"https:\/\/skybet365.us\/index.php\/wp-json\/wp\/v2\/users\/2"}],"replies":[{"embeddable":true,"href":"https:\/\/skybet365.us\/index.php\/wp-json\/wp\/v2\/comments?post=1714"}],"version-history":[{"count":13,"href":"https:\/\/skybet365.us\/index.php\/wp-json\/wp\/v2\/pages\/1714\/revisions"}],"predecessor-version":[{"id":3575,"href":"https:\/\/skybet365.us\/index.php\/wp-json\/wp\/v2\/pages\/1714\/revisions\/3575"}],"wp:attachment":[{"href":"https:\/\/skybet365.us\/index.php\/wp-json\/wp\/v2\/media?parent=1714"}],"curies":[{"name":"wp","href":"https:\/\/api.w.org\/{rel}","templated":true}]}}