{"id":1724,"date":"2023-02-09T06:14:06","date_gmt":"2023-02-09T06:14:06","guid":{"rendered":"http:\/\/finestwp.com\/biztech\/?page_id=1724"},"modified":"2025-03-31T14:21:48","modified_gmt":"2025-03-31T07:21:48","slug":"skybet-dich-vu","status":"publish","type":"page","link":"https:\/\/skybet365.us\/index.php\/skybet-dich-vu\/","title":{"rendered":"D\u1ecaCH V\u1ee4"},"content":{"rendered":"\t\t<div data-elementor-type=\"wp-page\" data-elementor-id=\"1724\" class=\"elementor elementor-1724\">\n\t\t\t\t\t\t<section class=\"elementor-section elementor-top-section elementor-element elementor-element-77d7f43 elementor-section-full_width elementor-section-height-default elementor-section-height-default\" data-id=\"77d7f43\" data-element_type=\"section\" data-settings=\"{&quot;background_background&quot;:&quot;classic&quot;}\">\n\t\t\t\t\t\t\t<div class=\"elementor-background-overlay\"><\/div>\n\t\t\t\t\t\t\t<div class=\"elementor-container elementor-column-gap-no\">\n\t\t\t\t\t<div class=\"elementor-column elementor-col-100 elementor-top-column elementor-element elementor-element-7b6e689\" data-id=\"7b6e689\" data-element_type=\"column\">\n\t\t\t<div class=\"elementor-widget-wrap elementor-element-populated\">\n\t\t\t\t\t\t<section class=\"elementor-section elementor-inner-section elementor-element elementor-element-7e91a2e elementor-section-full_width elementor-section-height-default elementor-section-height-default\" data-id=\"7e91a2e\" data-element_type=\"section\">\n\t\t\t\t\t\t<div class=\"elementor-container elementor-column-gap-no\">\n\t\t\t\t\t<div class=\"elementor-column elementor-col-100 elementor-inner-column elementor-element elementor-element-7fcf6ef\" data-id=\"7fcf6ef\" data-element_type=\"column\">\n\t\t\t<div class=\"elementor-widget-wrap elementor-element-populated\">\n\t\t\t\t\t\t<section class=\"elementor-section elementor-inner-section elementor-element elementor-element-9854173 elementor-section-boxed elementor-section-height-default elementor-section-height-default\" data-id=\"9854173\" data-element_type=\"section\" data-settings=\"{&quot;background_background&quot;:&quot;classic&quot;}\">\n\t\t\t\t\t\t\t<div class=\"elementor-background-overlay\"><\/div>\n\t\t\t\t\t\t\t<div class=\"elementor-container elementor-column-gap-default\">\n\t\t\t\t\t<div class=\"elementor-column elementor-col-100 elementor-inner-column elementor-element elementor-element-c4927e4\" data-id=\"c4927e4\" data-element_type=\"column\">\n\t\t\t<div class=\"elementor-widget-wrap elementor-element-populated\">\n\t\t\t\t\t\t<section class=\"elementor-section elementor-inner-section elementor-element elementor-element-23abcc5 elementor-section-full_width elementor-section-height-default elementor-section-height-default\" data-id=\"23abcc5\" data-element_type=\"section\">\n\t\t\t\t\t\t<div class=\"elementor-container elementor-column-gap-default\">\n\t\t\t\t\t<div class=\"elementor-column elementor-col-33 elementor-inner-column elementor-element elementor-element-0c0cec6\" data-id=\"0c0cec6\" data-element_type=\"column\">\n\t\t\t<div class=\"elementor-widget-wrap elementor-element-populated\">\n\t\t\t\t\t\t<div class=\"elementor-element elementor-element-9a8d8b6 elementor-widget elementor-widget-biztech_service_block\" data-id=\"9a8d8b6\" data-element_type=\"widget\" data-widget_type=\"biztech_service_block.default\">\n\t\t\t\t<div class=\"elementor-widget-container\">\n\t\t\t\t\t\t\t\n\t\t\n\n\t <script>\n jQuery(document).ready(function($) {\n\n\/\/put the js code under this line \n\n\tif ($(\".banner-carousel\").length) {\n\t\t$(\".banner-carousel\").owlCarousel({\n\t\t\tloop:true,\n\t\t\tmargin:0,\n\t\t\tnav:true,\n\t\t\tactive: true,\n\t\t\tsmartSpeed: 1000,\n\t\t\tautoplay: 6000,\n\t\t\tresponsive:{\n\t\t\t\t0:{\n\t\t\t\t\titems:1\n\t\t\t\t},\n\t\t\t\t600:{\n\t\t\t\t\titems:1\n\t\t\t\t},\n\t\t\t\t800:{\n\t\t\t\t\titems:1\n\t\t\t\t},\n\t\t\t\t1024:{\n\t\t\t\t\titems:1\n\t\t\t\t}\n\t\t\t}\n\t\t});\n\t}\n\n\/\/put the code above the line \n\n  });\n<\/script>        \n\t\t\t\t\n\t\t<section class=\"service-section p_relative centred \">\n\t\t\t<div class=\"service-block\">\n\t\t\t\t<div class=\"service-block-one wow fadeInLeft animated\" data-wow-delay=\"00ms\" data-wow-duration=\"1500ms\">\n\t\t\t\t\t<div class=\"inner-box\">\n\t\t\t\t\t\t<div class=\"static-content\">\t\t\t\t\t\t\t\n\t\t\t\t\t\t\t<div class=\"icon-box\"><i class=\" icon-7\"><\/i><\/div>\n\t\t\t\t\t\t\t<h3><a href=\"\">Chuy\u00ean Nghi\u1ec7p<\/a><\/h3>\n\t\t\t\t\t\t\t<p>C\u1eadp nh\u1eadt b\u00e1o c\u00e1o doanh thu v\u00e0 l\u1ee3i nhu\u1eadn th\u1ef1c t\u1ebf m\u1ed7i ng\u00e0y, gi\u00fap ng\u01b0\u1eddi d\u00f9ng qu\u1ea3n l\u00fd v\u00e0 theo d\u00f5i t\u00ecnh h\u00ecnh kinh doanh m\u1ed9t c\u00e1ch hi\u1ec7u qu\u1ea3.<\/p>\n\t\t\t\t\t\t<\/div>\n\t\t\t\t\t\t<div class=\"overlay-content\">\t\t\t\t\t\t\t\n\t\t\t\t\t\t\t<h3><a href=\"\">Chuy\u00ean Nghi\u1ec7p<\/a><\/h3>\n\t\t\t\t\t\t\t<p>C\u1eadp nh\u1eadt b\u00e1o c\u00e1o doanh thu v\u00e0 l\u1ee3i nhu\u1eadn th\u1ef1c t\u1ebf m\u1ed7i ng\u00e0y, gi\u00fap ng\u01b0\u1eddi d\u00f9ng qu\u1ea3n l\u00fd v\u00e0 theo d\u00f5i t\u00ecnh h\u00ecnh kinh doanh m\u1ed9t c\u00e1ch hi\u1ec7u qu\u1ea3.<\/p>\n\t\t\t\t\t\t\t\t\t\t\t\t\t\t\n\t\t\t\t\t\t\t\t\t\t\t\t\t\t\n\t\t\t\t\t\t<\/div>\n\t\t\t\t\t<\/div>\n\t\t\t\t<\/div>\n\t\t\t<\/div>\n        <\/section>\n\t\t\n\t\t\t\t\n\t\t\t\t\n\t\t\t\t\n\t\t\t\t\n\n             \n\t\t\t\t\t\t<\/div>\n\t\t\t\t<\/div>\n\t\t\t\t\t<\/div>\n\t\t<\/div>\n\t\t\t\t<div class=\"elementor-column elementor-col-33 elementor-inner-column elementor-element elementor-element-0c02333\" data-id=\"0c02333\" data-element_type=\"column\">\n\t\t\t<div class=\"elementor-widget-wrap elementor-element-populated\">\n\t\t\t\t\t\t<div class=\"elementor-element elementor-element-b169104 elementor-widget elementor-widget-biztech_service_block\" data-id=\"b169104\" data-element_type=\"widget\" data-widget_type=\"biztech_service_block.default\">\n\t\t\t\t<div class=\"elementor-widget-container\">\n\t\t\t\t\t\t\t\n\t\t\n\n\t <script>\n jQuery(document).ready(function($) {\n\n\/\/put the js code under this line \n\n\tif ($(\".banner-carousel\").length) {\n\t\t$(\".banner-carousel\").owlCarousel({\n\t\t\tloop:true,\n\t\t\tmargin:0,\n\t\t\tnav:true,\n\t\t\tactive: true,\n\t\t\tsmartSpeed: 1000,\n\t\t\tautoplay: 6000,\n\t\t\tresponsive:{\n\t\t\t\t0:{\n\t\t\t\t\titems:1\n\t\t\t\t},\n\t\t\t\t600:{\n\t\t\t\t\titems:1\n\t\t\t\t},\n\t\t\t\t800:{\n\t\t\t\t\titems:1\n\t\t\t\t},\n\t\t\t\t1024:{\n\t\t\t\t\titems:1\n\t\t\t\t}\n\t\t\t}\n\t\t});\n\t}\n\n\/\/put the code above the line \n\n  });\n<\/script>        \n\t\t\t\t\n\t\t\t\t\n\t\t<section class=\"service-section p_relative centred two\">\n\t\t\t<div class=\"service-block\">\n\t\t\t\t<div class=\"service-block-one wow fadeInUp animated\" data-wow-delay=\"00ms\" data-wow-duration=\"1500ms\">\n\t\t\t\t\t<div class=\"inner-box\">\n\t\t\t\t\t\t<div class=\"static-content\">\n\t\t\t\t\t\t\t<div class=\"icon-box\"><i class=\"fas fa-thumbs-up\"><\/i><\/div>\n\t\t\t\t\t\t\t<h3><a href=\"\">Ch\u1ea5t L\u01b0\u1ee3ng<\/a><\/h3>\n\t\t\t\t\t\t\t<p>Gi\u00e1m s\u00e1t ch\u1eb7t ch\u1ebd m\u1ecdi thay \u0111\u1ed5i tr\u00ean h\u1ec7 th\u1ed1ng, cung c\u1ea5p t\u01b0 v\u1ea5n k\u1ecbp th\u1eddi \u0111\u1ec3 \u0111\u1ea3m b\u1ea3o v\u1eadn h\u00e0nh \u1ed5n \u0111\u1ecbnh v\u00e0 t\u1ed1i \u01b0u hi\u1ec7u qu\u1ea3 ho\u1ea1t \u0111\u1ed9ng.<\/p>\n\t\t\t\t\t\t<\/div>\n\t\t\t\t\t\t<div class=\"overlay-content\">\n\t\t\t\t\t\t\t<h3><a href=\"\">Ch\u1ea5t L\u01b0\u1ee3ng<\/a><\/h3>\n\t\t\t\t\t\t\t<p>Gi\u00e1m s\u00e1t ch\u1eb7t ch\u1ebd m\u1ecdi thay \u0111\u1ed5i tr\u00ean h\u1ec7 th\u1ed1ng, cung c\u1ea5p t\u01b0 v\u1ea5n k\u1ecbp th\u1eddi \u0111\u1ec3 \u0111\u1ea3m b\u1ea3o v\u1eadn h\u00e0nh \u1ed5n \u0111\u1ecbnh v\u00e0 t\u1ed1i \u01b0u hi\u1ec7u qu\u1ea3 ho\u1ea1t \u0111\u1ed9ng.<\/p>\n\t\t\t\t\t\t\t\t\t\t\t\t\t<\/div>\n\t\t\t\t\t<\/div>\n\t\t\t\t<\/div>\n\t\t\t<\/div>\n        <\/section>\n\t\t\n\t\t\t\t\n\t\t\t\t\n\t\t\t\t\n\n             \n\t\t\t\t\t\t<\/div>\n\t\t\t\t<\/div>\n\t\t\t\t\t<\/div>\n\t\t<\/div>\n\t\t\t\t<div class=\"elementor-column elementor-col-33 elementor-inner-column elementor-element elementor-element-2d959b2\" data-id=\"2d959b2\" data-element_type=\"column\">\n\t\t\t<div class=\"elementor-widget-wrap elementor-element-populated\">\n\t\t\t\t\t\t<div class=\"elementor-element elementor-element-0ede752 elementor-widget elementor-widget-biztech_service_block\" data-id=\"0ede752\" data-element_type=\"widget\" data-widget_type=\"biztech_service_block.default\">\n\t\t\t\t<div class=\"elementor-widget-container\">\n\t\t\t\t\t\t\t\n\t\t\n\n\t <script>\n jQuery(document).ready(function($) {\n\n\/\/put the js code under this line \n\n\tif ($(\".banner-carousel\").length) {\n\t\t$(\".banner-carousel\").owlCarousel({\n\t\t\tloop:true,\n\t\t\tmargin:0,\n\t\t\tnav:true,\n\t\t\tactive: true,\n\t\t\tsmartSpeed: 1000,\n\t\t\tautoplay: 6000,\n\t\t\tresponsive:{\n\t\t\t\t0:{\n\t\t\t\t\titems:1\n\t\t\t\t},\n\t\t\t\t600:{\n\t\t\t\t\titems:1\n\t\t\t\t},\n\t\t\t\t800:{\n\t\t\t\t\titems:1\n\t\t\t\t},\n\t\t\t\t1024:{\n\t\t\t\t\titems:1\n\t\t\t\t}\n\t\t\t}\n\t\t});\n\t}\n\n\/\/put the code above the line \n\n  });\n<\/script>        \n\t\t\t\t\n\t\t<section class=\"service-section p_relative centred \">\n\t\t\t<div class=\"service-block\">\n\t\t\t\t<div class=\"service-block-one wow fadeInLeft animated\" data-wow-delay=\"00ms\" data-wow-duration=\"1500ms\">\n\t\t\t\t\t<div class=\"inner-box\">\n\t\t\t\t\t\t<div class=\"static-content\">\t\t\t\t\t\t\t\n\t\t\t\t\t\t\t<div class=\"icon-box\"><i class=\" icon-37\"><\/i><\/div>\n\t\t\t\t\t\t\t<h3><a href=\"\">Thu\u1eadn Ti\u1ec7n<\/a><\/h3>\n\t\t\t\t\t\t\t<p>Cung c\u1ea5p nhi\u1ec1u ph\u01b0\u01a1ng th\u1ee9c thanh to\u00e1n linh ho\u1ea1t, giao d\u1ecbch nhanh ch\u00f3ng v\u1edbi mi\u1ec5n chi ph\u00ed.<\/p>\n\t\t\t\t\t\t<\/div>\n\t\t\t\t\t\t<div class=\"overlay-content\">\t\t\t\t\t\t\t\n\t\t\t\t\t\t\t<h3><a href=\"\">Thu\u1eadn Ti\u1ec7n<\/a><\/h3>\n\t\t\t\t\t\t\t<p>Cung c\u1ea5p nhi\u1ec1u ph\u01b0\u01a1ng th\u1ee9c thanh to\u00e1n linh ho\u1ea1t, giao d\u1ecbch nhanh ch\u00f3ng v\u1edbi mi\u1ec5n chi ph\u00ed.<\/p>\n\t\t\t\t\t\t\t\t\t\t\t\t\t\t\n\t\t\t\t\t\t\t\t\t\t\t\t\t\t\n\t\t\t\t\t\t<\/div>\n\t\t\t\t\t<\/div>\n\t\t\t\t<\/div>\n\t\t\t<\/div>\n        <\/section>\n\t\t\n\t\t\t\t\n\t\t\t\t\n\t\t\t\t\n\t\t\t\t\n\n             \n\t\t\t\t\t\t<\/div>\n\t\t\t\t<\/div>\n\t\t\t\t\t<\/div>\n\t\t<\/div>\n\t\t\t\t\t<\/div>\n\t\t<\/section>\n\t\t\t\t<section class=\"elementor-section elementor-inner-section elementor-element elementor-element-a03bcf0 elementor-section-full_width elementor-section-height-default elementor-section-height-default\" data-id=\"a03bcf0\" data-element_type=\"section\">\n\t\t\t\t\t\t<div class=\"elementor-container elementor-column-gap-default\">\n\t\t\t\t\t<div class=\"elementor-column elementor-col-33 elementor-inner-column elementor-element elementor-element-a43d8a1\" data-id=\"a43d8a1\" data-element_type=\"column\">\n\t\t\t<div class=\"elementor-widget-wrap elementor-element-populated\">\n\t\t\t\t\t\t<div class=\"elementor-element elementor-element-0636d8d elementor-widget elementor-widget-biztech_service_block\" data-id=\"0636d8d\" data-element_type=\"widget\" data-widget_type=\"biztech_service_block.default\">\n\t\t\t\t<div class=\"elementor-widget-container\">\n\t\t\t\t\t\t\t\n\t\t\n\n\t <script>\n jQuery(document).ready(function($) {\n\n\/\/put the js code under this line \n\n\tif ($(\".banner-carousel\").length) {\n\t\t$(\".banner-carousel\").owlCarousel({\n\t\t\tloop:true,\n\t\t\tmargin:0,\n\t\t\tnav:true,\n\t\t\tactive: true,\n\t\t\tsmartSpeed: 1000,\n\t\t\tautoplay: 6000,\n\t\t\tresponsive:{\n\t\t\t\t0:{\n\t\t\t\t\titems:1\n\t\t\t\t},\n\t\t\t\t600:{\n\t\t\t\t\titems:1\n\t\t\t\t},\n\t\t\t\t800:{\n\t\t\t\t\titems:1\n\t\t\t\t},\n\t\t\t\t1024:{\n\t\t\t\t\titems:1\n\t\t\t\t}\n\t\t\t}\n\t\t});\n\t}\n\n\/\/put the code above the line \n\n  });\n<\/script>        \n\t\t\t\t\n\t\t\t\t\n\t\t<section class=\"service-section p_relative centred five\">\n\t\t\t<div class=\"service-block\">\n\t\t\t\t<div class=\"service-block-one wow fadeInUp animated\" data-wow-delay=\"00ms\" data-wow-duration=\"1500ms\">\n\t\t\t\t\t<div class=\"inner-box\">\n\t\t\t\t\t\t<div class=\"static-content\">\n\t\t\t\t\t\t\t<div class=\"icon-box\"><i class=\"fas fa-shield-alt\"><\/i><\/div>\n\t\t\t\t\t\t\t<h3><a href=\"\">An To\u00e0n<\/a><\/h3>\n\t\t\t\t\t\t\t<p>B\u1ea3o v\u1ec7 th\u00f4ng tin t\u1ed1i \u0111a, t\u0103ng c\u01b0\u1eddng an to\u00e0n h\u1ec7 th\u1ed1ng, gi\u1ea3m thi\u1ec3u r\u1ee7i ro an ninh m\u1ea1ng v\u00e0 t\u1ed1i \u01b0u chi ph\u00ed v\u1eadn h\u00e0nh.<\/p>\n\t\t\t\t\t\t<\/div>\n\t\t\t\t\t\t<div class=\"overlay-content\">\n\t\t\t\t\t\t\t<h3><a href=\"\">An To\u00e0n<\/a><\/h3>\n\t\t\t\t\t\t\t<p>B\u1ea3o v\u1ec7 th\u00f4ng tin t\u1ed1i \u0111a, t\u0103ng c\u01b0\u1eddng an to\u00e0n h\u1ec7 th\u1ed1ng, gi\u1ea3m thi\u1ec3u r\u1ee7i ro an ninh m\u1ea1ng v\u00e0 t\u1ed1i \u01b0u chi ph\u00ed v\u1eadn h\u00e0nh.<\/p>\n\t\t\t\t\t\t\t\t\t\t\t\t\t\t<div class=\"btn-box\">\n\t\t\t\t\t\t\t\t<a href=\"\" class=\"theme-btn-one\"> <\/a>\n\t\t\t\t\t\t\t<\/div>\n\t\t\t\t\t\t\t\t\t\t\t\t\t<\/div>\n\t\t\t\t\t<\/div>\n\t\t\t\t<\/div>\n\t\t\t<\/div>\n        <\/section>\n\t\t\n\t\t\t\t\n\t\t\t\t\n\t\t\t\t\n\n             \n\t\t\t\t\t\t<\/div>\n\t\t\t\t<\/div>\n\t\t\t\t\t<\/div>\n\t\t<\/div>\n\t\t\t\t<div class=\"elementor-column elementor-col-33 elementor-inner-column elementor-element elementor-element-1a88089\" data-id=\"1a88089\" data-element_type=\"column\">\n\t\t\t<div class=\"elementor-widget-wrap elementor-element-populated\">\n\t\t\t\t\t\t<div class=\"elementor-element elementor-element-3090b3b elementor-widget elementor-widget-biztech_service_block\" data-id=\"3090b3b\" data-element_type=\"widget\" data-widget_type=\"biztech_service_block.default\">\n\t\t\t\t<div class=\"elementor-widget-container\">\n\t\t\t\t\t\t\t\n\t\t\n\n\t <script>\n jQuery(document).ready(function($) {\n\n\/\/put the js code under this line \n\n\tif ($(\".banner-carousel\").length) {\n\t\t$(\".banner-carousel\").owlCarousel({\n\t\t\tloop:true,\n\t\t\tmargin:0,\n\t\t\tnav:true,\n\t\t\tactive: true,\n\t\t\tsmartSpeed: 1000,\n\t\t\tautoplay: 6000,\n\t\t\tresponsive:{\n\t\t\t\t0:{\n\t\t\t\t\titems:1\n\t\t\t\t},\n\t\t\t\t600:{\n\t\t\t\t\titems:1\n\t\t\t\t},\n\t\t\t\t800:{\n\t\t\t\t\titems:1\n\t\t\t\t},\n\t\t\t\t1024:{\n\t\t\t\t\titems:1\n\t\t\t\t}\n\t\t\t}\n\t\t});\n\t}\n\n\/\/put the code above the line \n\n  });\n<\/script>        \n\t\t\t\t\n\t\t\t\t\n\t\t<section class=\"service-section p_relative centred five\">\n\t\t\t<div class=\"service-block\">\n\t\t\t\t<div class=\"service-block-one wow fadeInUp animated\" data-wow-delay=\"00ms\" data-wow-duration=\"1500ms\">\n\t\t\t\t\t<div class=\"inner-box\">\n\t\t\t\t\t\t<div class=\"static-content\">\n\t\t\t\t\t\t\t<div class=\"icon-box\"><i class=\"fab fa-buffer\"><\/i><\/div>\n\t\t\t\t\t\t\t<h3><a href=\"https:\/\/finestwp.com\/biztech\/financial-advices\/\" target=\"_blank\" rel=\"noopener\">Ki\u1ec3m So\u00e1t<\/a><\/h3>\n\t\t\t\t\t\t\t<p>Ki\u1ec3m so\u00e1t ch\u1eb7t ch\u1ebd h\u1ec7 th\u1ed1ng d\u1eef li\u1ec7u 24\/7<\/p>\n\t\t\t\t\t\t<\/div>\n\t\t\t\t\t\t<div class=\"overlay-content\">\n\t\t\t\t\t\t\t<h3><a href=\"https:\/\/finestwp.com\/biztech\/financial-advices\/\" target=\"_blank\" rel=\"noopener\">Ki\u1ec3m So\u00e1t<\/a><\/h3>\n\t\t\t\t\t\t\t<p>Ki\u1ec3m so\u00e1t ch\u1eb7t ch\u1ebd h\u1ec7 th\u1ed1ng d\u1eef li\u1ec7u 24\/7<\/p>\n\t\t\t\t\t\t\t\t\t\t\t\t\t\t<div class=\"btn-box\">\n\t\t\t\t\t\t\t\t<a href=\"https:\/\/finestwp.com\/biztech\/financial-advices\/\" class=\"theme-btn-one\" target=\"_blank\" rel=\"noopener\">Read More<\/a>\n\t\t\t\t\t\t\t<\/div>\n\t\t\t\t\t\t\t\t\t\t\t\t\t<\/div>\n\t\t\t\t\t<\/div>\n\t\t\t\t<\/div>\n\t\t\t<\/div>\n        <\/section>\n\t\t\n\t\t\t\t\n\t\t\t\t\n\t\t\t\t\n\n             \n\t\t\t\t\t\t<\/div>\n\t\t\t\t<\/div>\n\t\t\t\t\t<\/div>\n\t\t<\/div>\n\t\t\t\t<div class=\"elementor-column elementor-col-33 elementor-inner-column elementor-element elementor-element-4200d4d\" data-id=\"4200d4d\" data-element_type=\"column\">\n\t\t\t<div class=\"elementor-widget-wrap elementor-element-populated\">\n\t\t\t\t\t\t<div class=\"elementor-element elementor-element-b3f0d10 elementor-widget elementor-widget-biztech_service_block\" data-id=\"b3f0d10\" data-element_type=\"widget\" data-widget_type=\"biztech_service_block.default\">\n\t\t\t\t<div class=\"elementor-widget-container\">\n\t\t\t\t\t\t\t\n\t\t\n\n\t <script>\n jQuery(document).ready(function($) {\n\n\/\/put the js code under this line \n\n\tif ($(\".banner-carousel\").length) {\n\t\t$(\".banner-carousel\").owlCarousel({\n\t\t\tloop:true,\n\t\t\tmargin:0,\n\t\t\tnav:true,\n\t\t\tactive: true,\n\t\t\tsmartSpeed: 1000,\n\t\t\tautoplay: 6000,\n\t\t\tresponsive:{\n\t\t\t\t0:{\n\t\t\t\t\titems:1\n\t\t\t\t},\n\t\t\t\t600:{\n\t\t\t\t\titems:1\n\t\t\t\t},\n\t\t\t\t800:{\n\t\t\t\t\titems:1\n\t\t\t\t},\n\t\t\t\t1024:{\n\t\t\t\t\titems:1\n\t\t\t\t}\n\t\t\t}\n\t\t});\n\t}\n\n\/\/put the code above the line \n\n  });\n<\/script>        \n\t\t\t\t\n\t\t\t\t\n\t\t<section class=\"service-section p_relative centred five\">\n\t\t\t<div class=\"service-block\">\n\t\t\t\t<div class=\"service-block-one wow fadeInUp animated\" data-wow-delay=\"00ms\" data-wow-duration=\"1500ms\">\n\t\t\t\t\t<div class=\"inner-box\">\n\t\t\t\t\t\t<div class=\"static-content\">\n\t\t\t\t\t\t\t<div class=\"icon-box\"><i class=\"fas fa-user-shield\"><\/i><\/div>\n\t\t\t\t\t\t\t<h3><a href=\"\">Qu\u1ea3n l\u00fd<\/a><\/h3>\n\t\t\t\t\t\t\t<p>Qu\u1ea3n l\u00fd \u0111a nhi\u1ec7m kh\u00e1ch h\u00e0ng c\u00e1c c\u1ea5p, d\u1ec5 d\u00e0ng & ch\u1ee7 \u0111\u1ed9ng ph\u00e1t tri\u1ec3n kinh doanh.<\/p>\n\t\t\t\t\t\t<\/div>\n\t\t\t\t\t\t<div class=\"overlay-content\">\n\t\t\t\t\t\t\t<h3><a href=\"\">Qu\u1ea3n l\u00fd<\/a><\/h3>\n\t\t\t\t\t\t\t<p>Qu\u1ea3n l\u00fd \u0111a nhi\u1ec7m kh\u00e1ch h\u00e0ng c\u00e1c c\u1ea5p, d\u1ec5 d\u00e0ng & ch\u1ee7 \u0111\u1ed9ng ph\u00e1t tri\u1ec3n kinh doanh.<\/p>\n\t\t\t\t\t\t\t\t\t\t\t\t\t<\/div>\n\t\t\t\t\t<\/div>\n\t\t\t\t<\/div>\n\t\t\t<\/div>\n        <\/section>\n\t\t\n\t\t\t\t\n\t\t\t\t\n\t\t\t\t\n\n             \n\t\t\t\t\t\t<\/div>\n\t\t\t\t<\/div>\n\t\t\t\t\t<\/div>\n\t\t<\/div>\n\t\t\t\t\t<\/div>\n\t\t<\/section>\n\t\t\t\t\t<\/div>\n\t\t<\/div>\n\t\t\t\t\t<\/div>\n\t\t<\/section>\n\t\t\t\t<div class=\"elementor-element elementor-element-1754d15 elementor-widget elementor-widget-biztech_service_block\" data-id=\"1754d15\" data-element_type=\"widget\" data-widget_type=\"biztech_service_block.default\">\n\t\t\t\t<div class=\"elementor-widget-container\">\n\t\t\t\t\t\t\t\n\t\t\n\n\t <script>\n jQuery(document).ready(function($) {\n\n\/\/put the js code under this line \n\n\tif ($(\".banner-carousel\").length) {\n\t\t$(\".banner-carousel\").owlCarousel({\n\t\t\tloop:true,\n\t\t\tmargin:0,\n\t\t\tnav:true,\n\t\t\tactive: true,\n\t\t\tsmartSpeed: 1000,\n\t\t\tautoplay: 6000,\n\t\t\tresponsive:{\n\t\t\t\t0:{\n\t\t\t\t\titems:1\n\t\t\t\t},\n\t\t\t\t600:{\n\t\t\t\t\titems:1\n\t\t\t\t},\n\t\t\t\t800:{\n\t\t\t\t\titems:1\n\t\t\t\t},\n\t\t\t\t1024:{\n\t\t\t\t\titems:1\n\t\t\t\t}\n\t\t\t}\n\t\t});\n\t}\n\n\/\/put the code above the line \n\n  });\n<\/script>        \n\t\t\t\t\n\t\t\t\t\n\t\t\t\t\n\t\t<section class=\"service-style-two p_relative five\">\n\t\t\t<div class=\"service-block\">\n\t\t\t\t<div class=\"service-block-two wow fadeInUp animated\" data-wow-delay=\"00ms\" data-wow-duration=\"1500ms\">\n\t\t\t\t\t<div class=\"inner-box\">\n\t\t\t\t\t\t<figure class=\"image-box\">\n\t\t\t\t\t\t\t   \n\t\t\t\t\t\t\t\t<img decoding=\"async\" src=\"https:\/\/skybet365.us\/wp-content\/uploads\/2025\/03\/2-3.png\" alt=\"\"\/>\n\t\t\t\t\t\t\t\t\t\t\t\t\t<\/figure>\n\t\t\t\t\t\t<div class=\"lower-content\">\n\t\t\t\t\t\t\t<div class=\"inner\">\n\t\t\t\t\t\t\t\t<div class=\"icon-box\"><i class=\"fab fa-buffer\"><\/i><\/div>\n\t\t\t\t\t\t\t\t<h3><a href=\"\">T\u1ed1i \u01afu Qu\u1ea3n L\u00fd & B\u00e1o C\u00e1o C\u00f4ng Vi\u1ec7c H\u00e0ng Ng\u00e0y<\/a><\/h3>\n\t\t\t\t\t\t\t\t<p>\ud83d\udd39 Theo d\u00f5i b\u00e1o c\u00e1o th\u1eafng thua, th\u1ef1c l\u00e3i, thanh to\u00e1n chi ti\u1ebft, minh b\u1ea1ch.\n\ud83d\udd39 H\u1ec7 th\u1ed1ng t\u1ef1 \u0111\u1ed9ng c\u1eadp nh\u1eadt gi\u00fap qu\u1ea3n l\u00fd d\u1ec5 d\u00e0ng v\u00e0 ch\u00ednh x\u00e1c.<\/p>\n\t\t\t\t\t\t\t\t\t\t\t\t\t\t\t<\/div>\n\t\t\t\t\t\t<\/div>\n\t\t\t\t\t<\/div>\n\t\t\t\t<\/div>\n\t\t\t<\/div>\n        <\/section>\n\t\t\n\t\t\t\t\n\t\t\t\t\n\n             \n\t\t\t\t\t\t<\/div>\n\t\t\t\t<\/div>\n\t\t\t\t<div class=\"elementor-element elementor-element-096590f elementor-widget elementor-widget-biztech_service_block\" data-id=\"096590f\" data-element_type=\"widget\" data-widget_type=\"biztech_service_block.default\">\n\t\t\t\t<div class=\"elementor-widget-container\">\n\t\t\t\t\t\t\t\n\t\t\n\n\t <script>\n jQuery(document).ready(function($) {\n\n\/\/put the js code under this line \n\n\tif ($(\".banner-carousel\").length) {\n\t\t$(\".banner-carousel\").owlCarousel({\n\t\t\tloop:true,\n\t\t\tmargin:0,\n\t\t\tnav:true,\n\t\t\tactive: true,\n\t\t\tsmartSpeed: 1000,\n\t\t\tautoplay: 6000,\n\t\t\tresponsive:{\n\t\t\t\t0:{\n\t\t\t\t\titems:1\n\t\t\t\t},\n\t\t\t\t600:{\n\t\t\t\t\titems:1\n\t\t\t\t},\n\t\t\t\t800:{\n\t\t\t\t\titems:1\n\t\t\t\t},\n\t\t\t\t1024:{\n\t\t\t\t\titems:1\n\t\t\t\t}\n\t\t\t}\n\t\t});\n\t}\n\n\/\/put the code above the line \n\n  });\n<\/script>        \n\t\t\t\t\n\t\t\t\t\n\t\t\t\t\n\t\t<section class=\"service-style-two p_relative \">\n\t\t\t<div class=\"service-block\">\n\t\t\t\t<div class=\"service-block-two wow fadeInUp animated\" data-wow-delay=\"00ms\" data-wow-duration=\"1500ms\">\n\t\t\t\t\t<div class=\"inner-box\">\n\t\t\t\t\t\t<figure class=\"image-box\">\n\t\t\t\t\t\t\t   \n\t\t\t\t\t\t\t\t<img decoding=\"async\" src=\"https:\/\/skybet365.us\/wp-content\/uploads\/2025\/03\/bet99-67.png\" alt=\"\"\/>\n\t\t\t\t\t\t\t\t\t\t\t\t\t<\/figure>\n\t\t\t\t\t\t<div class=\"lower-content\">\n\t\t\t\t\t\t\t<div class=\"inner\">\n\t\t\t\t\t\t\t\t<div class=\"icon-box\"><i class=\" icon-15\"><\/i><\/div>\n\t\t\t\t\t\t\t\t<h3><a href=\"https:\/\/finestwp.com\/biztech\/insurance-strategy\/\" target=\"_blank\" rel=\"noopener\">H\u1ed7 Tr\u1ee3 Thanh To\u00e1n Linh Ho\u1ea1t \u2013 0% Ph\u00ed Giao D\u1ecbch<\/a><\/h3>\n\t\t\t\t\t\t\t\t<p>\ud83d\udd39 \u0110a d\u1ea1ng ph\u01b0\u01a1ng th\u1ee9c thanh to\u00e1n, thu\u1eadn ti\u1ec7n cho m\u1ecdi giao d\u1ecbch.\n\ud83d\udd39 Mi\u1ec5n ph\u00ed 100% chi ph\u00ed giao d\u1ecbch, t\u1ed1i \u01b0u h\u00f3a l\u1ee3i nhu\u1eadn.<\/p>\n\t\t\t\t\t\t\t\t\t\t\t\t\t\t\t\t<div class=\"btn-box\">\n\t\t\t\t\t\t\t\t\t<a href=\"https:\/\/finestwp.com\/biztech\/insurance-strategy\/\" class=\"theme-btn-one\" target=\"_blank\" rel=\"noopener\">Read More<\/a>\n\t\t\t\t\t\t\t\t<\/div>\n\t\t\t\t\t\t\t\t\t\t\t\t\t\t\t<\/div>\n\t\t\t\t\t\t<\/div>\n\t\t\t\t\t<\/div>\n\t\t\t\t<\/div>\n\t\t\t<\/div>\n        <\/section>\n\t\t\n\t\t\t\t\n\t\t\t\t\n\n             \n\t\t\t\t\t\t<\/div>\n\t\t\t\t<\/div>\n\t\t\t\t\t<\/div>\n\t\t<\/div>\n\t\t\t\t\t<\/div>\n\t\t<\/section>\n\t\t\t\t\t<\/div>\n\t\t<\/div>\n\t\t\t\t\t<\/div>\n\t\t<\/section>\n\t\t\t\t<\/div>\n\t\t","protected":false},"excerpt":{"rendered":"<p>Chuy\u00ean Nghi\u1ec7p C\u1eadp nh\u1eadt b\u00e1o c\u00e1o doanh thu v\u00e0 l\u1ee3i nhu\u1eadn th\u1ef1c t\u1ebf m\u1ed7i ng\u00e0y, gi\u00fap ng\u01b0\u1eddi d\u00f9ng qu\u1ea3n l\u00fd v\u00e0 theo d\u00f5i t\u00ecnh h\u00ecnh kinh doanh m\u1ed9t c\u00e1ch hi\u1ec7u qu\u1ea3. Chuy\u00ean Nghi\u1ec7p C\u1eadp nh\u1eadt b\u00e1o c\u00e1o doanh thu v\u00e0 l\u1ee3i nhu\u1eadn th\u1ef1c t\u1ebf m\u1ed7i ng\u00e0y, gi\u00fap ng\u01b0\u1eddi d\u00f9ng qu\u1ea3n l\u00fd v\u00e0 theo d\u00f5i t\u00ecnh [&hellip;]<\/p>\n","protected":false},"author":2,"featured_media":0,"parent":0,"menu_order":0,"comment_status":"closed","ping_status":"closed","template":"tpl-default-elementor.php","meta":{"footnotes":""},"class_list":["post-1724","page","type-page","status-publish","hentry"],"_links":{"self":[{"href":"https:\/\/skybet365.us\/index.php\/wp-json\/wp\/v2\/pages\/1724","targetHints":{"allow":["GET"]}}],"collection":[{"href":"https:\/\/skybet365.us\/index.php\/wp-json\/wp\/v2\/pages"}],"about":[{"href":"https:\/\/skybet365.us\/index.php\/wp-json\/wp\/v2\/types\/page"}],"author":[{"embeddable":true,"href":"https:\/\/skybet365.us\/index.php\/wp-json\/wp\/v2\/users\/2"}],"replies":[{"embeddable":true,"href":"https:\/\/skybet365.us\/index.php\/wp-json\/wp\/v2\/comments?post=1724"}],"version-history":[{"count":20,"href":"https:\/\/skybet365.us\/index.php\/wp-json\/wp\/v2\/pages\/1724\/revisions"}],"predecessor-version":[{"id":3406,"href":"https:\/\/skybet365.us\/index.php\/wp-json\/wp\/v2\/pages\/1724\/revisions\/3406"}],"wp:attachment":[{"href":"https:\/\/skybet365.us\/index.php\/wp-json\/wp\/v2\/media?parent=1724"}],"curies":[{"name":"wp","href":"https:\/\/api.w.org\/{rel}","templated":true}]}}