{"id":1798,"date":"2023-02-09T07:51:24","date_gmt":"2023-02-09T07:51:24","guid":{"rendered":"http:\/\/finestwp.com\/biztech\/?page_id=1798"},"modified":"2025-03-30T08:40:29","modified_gmt":"2025-03-30T01:40:29","slug":"skybet-dieu-khoan-chinh-sach","status":"publish","type":"page","link":"https:\/\/skybet365.us\/index.php\/skybet-dieu-khoan-chinh-sach\/","title":{"rendered":"\u0110I\u1ec0U KHO\u1ea2N &amp; CH\u00cdNH S\u00c1CH"},"content":{"rendered":"\t\t<div data-elementor-type=\"wp-page\" data-elementor-id=\"1798\" class=\"elementor elementor-1798\">\n\t\t\t\t\t\t<section class=\"elementor-section elementor-top-section elementor-element elementor-element-37fe2e1 elementor-section-boxed elementor-section-height-default elementor-section-height-default\" data-id=\"37fe2e1\" data-element_type=\"section\">\n\t\t\t\t\t\t<div class=\"elementor-container elementor-column-gap-no\">\n\t\t\t\t\t<div class=\"elementor-column elementor-col-50 elementor-top-column elementor-element elementor-element-8d464d0\" data-id=\"8d464d0\" data-element_type=\"column\">\n\t\t\t<div class=\"elementor-widget-wrap elementor-element-populated\">\n\t\t\t\t\t\t<div class=\"elementor-element elementor-element-1e73134 elementor-widget elementor-widget-heading\" data-id=\"1e73134\" data-element_type=\"widget\" data-widget_type=\"heading.default\">\n\t\t\t\t<div class=\"elementor-widget-container\">\n\t\t\t\t\t<span class=\"elementor-heading-title elementor-size-default\">SKYBET<\/span>\t\t\t\t<\/div>\n\t\t\t\t<\/div>\n\t\t\t\t<div class=\"elementor-element elementor-element-9741080 elementor-widget elementor-widget-heading\" data-id=\"9741080\" data-element_type=\"widget\" data-widget_type=\"heading.default\">\n\t\t\t\t<div class=\"elementor-widget-container\">\n\t\t\t\t\t<h2 class=\"elementor-heading-title elementor-size-default\">Ch\u00ednh S\u00e1ch V\u00e0 \u0110i\u1ec1u Kho\u1ea3n\n\n<\/h2>\t\t\t\t<\/div>\n\t\t\t\t<\/div>\n\t\t\t\t<div class=\"elementor-element elementor-element-3ee3336 elementor-widget elementor-widget-text-editor\" data-id=\"3ee3336\" data-element_type=\"widget\" data-widget_type=\"text-editor.default\">\n\t\t\t\t<div class=\"elementor-widget-container\">\n\t\t\t\t\t\t\t\t\t<p>\u0110\u1ea0I L\u00dd GIAO TH\u1ea4P NH\u1ea4T \u0110\u00d4 10\/ KH\u00c1CH L\u1eba GIAO \u0110\u00d4 30 tr\u1edf l\u00ean (c\u1ecdc 100%)<\/p>\t\t\t\t\t\t\t\t<\/div>\n\t\t\t\t<\/div>\n\t\t\t\t<div class=\"elementor-element elementor-element-d8ebd4e elementor-widget elementor-widget-text-editor\" data-id=\"d8ebd4e\" data-element_type=\"widget\" data-widget_type=\"text-editor.default\">\n\t\t\t\t<div class=\"elementor-widget-container\">\n\t\t\t\t\t\t\t\t\t<p>&#8211; H\u1ec7 th\u1ed1ng Sportbooks, Casino, Cookfight: \u0110\u1eb7t c\u1ecdc 100% gi\u00e1 tr\u1ecb t\u00e0i kho\u1ea3n<br \/>&#8211; H\u1ec7 th\u1ed1ng Loto: \u0110\u1eb7t c\u1ecdc 100% v\u1edbi s\u1ed1 ti\u1ec1n theo % th\u1ea7u gi\u00e1 giao<br \/>&#8211; \u0110\u1eb7t \u0111\u1ed1i \u1ee9ng: 30% gi\u00e1 tr\u1ecb t\u00e0i kho\u1ea3n<br \/>&#8211; C\u00f4ng ty giao sub to\u00e0n quy\u1ec1n cho kh\u00e1ch h\u00e0ng qu\u1ea3n l\u00fd. Sub kh\u00f4ng c\u00f3 ch\u1ee9c n\u0103ng transfer<br \/>&#8211; C\u00f4ng ty s\u1ebd gi\u1eef s\u1ed1 ti\u1ec1n c\u1ecdc \u0111\u1ec3 duy tr\u00ec ho\u1ea1t \u0111\u1ed9ng. H\u00e0ng ng\u00e0y t\u1edbi gi\u1edd transfer t\u00e0i kho\u1ea3n (+) C\u00f4ng ty s\u1ebd c\u1ed9ng th\u00eam \u0111i\u1ec3m th\u1eafng.<\/p><p>T\u00e0i kho\u1ea3n (-), C\u00f4ng ty s\u1ebd r\u00fat \u0111i s\u1ed1 \u0111i\u1ec3m thua<\/p>\t\t\t\t\t\t\t\t<\/div>\n\t\t\t\t<\/div>\n\t\t\t\t<section class=\"elementor-section elementor-inner-section elementor-element elementor-element-fb1b563 elementor-section-full_width elementor-section-height-default elementor-section-height-default\" data-id=\"fb1b563\" data-element_type=\"section\">\n\t\t\t\t\t\t<div class=\"elementor-container elementor-column-gap-no\">\n\t\t\t\t\t<div class=\"elementor-column elementor-col-50 elementor-inner-column elementor-element elementor-element-e722078\" data-id=\"e722078\" data-element_type=\"column\">\n\t\t\t<div class=\"elementor-widget-wrap elementor-element-populated\">\n\t\t\t\t\t\t<div class=\"elementor-element elementor-element-7a112cc elementor-view-stacked elementor-shape-circle elementor-widget elementor-widget-icon\" data-id=\"7a112cc\" data-element_type=\"widget\" data-widget_type=\"icon.default\">\n\t\t\t\t<div class=\"elementor-widget-container\">\n\t\t\t\t\t\t\t<div class=\"elementor-icon-wrapper\">\n\t\t\t<div class=\"elementor-icon\">\n\t\t\t<i aria-hidden=\"true\" class=\" icon-11\"><\/i>\t\t\t<\/div>\n\t\t<\/div>\n\t\t\t\t\t\t<\/div>\n\t\t\t\t<\/div>\n\t\t\t\t\t<\/div>\n\t\t<\/div>\n\t\t\t\t<div class=\"elementor-column elementor-col-50 elementor-inner-column elementor-element elementor-element-0e6e972\" data-id=\"0e6e972\" data-element_type=\"column\">\n\t\t\t<div class=\"elementor-widget-wrap elementor-element-populated\">\n\t\t\t\t\t\t<div class=\"elementor-element elementor-element-e423672 elementor-widget elementor-widget-heading\" data-id=\"e423672\" data-element_type=\"widget\" data-widget_type=\"heading.default\">\n\t\t\t\t<div class=\"elementor-widget-container\">\n\t\t\t\t\t<h3 class=\"elementor-heading-title elementor-size-default\">Ch\u00ednh s\u00e1ch h\u1ed7 tr\u1ee3<\/h3>\t\t\t\t<\/div>\n\t\t\t\t<\/div>\n\t\t\t\t<div class=\"elementor-element elementor-element-24953b9 elementor-widget elementor-widget-text-editor\" data-id=\"24953b9\" data-element_type=\"widget\" data-widget_type=\"text-editor.default\">\n\t\t\t\t<div class=\"elementor-widget-container\">\n\t\t\t\t\t\t\t\t\t<p>&#8211; H\u01b0\u1edfng tr\u1ecdn g\u00f3i d\u1ecbch v\u1ee5 h\u1ed7 tr\u1ee3 c\u1ee7a c\u00e1c th\u01b0\u01a1ng hi\u1ec7u n\u1ed5i ti\u1ebfng tr\u00ean th\u1ecb tr\u01b0\u1eddng<br \/>&#8211; Vsan &#8211; Vsup &#8211; Vstat<br \/>&#8211; S\u1eed d\u1ee5ng mi\u1ec5n ph\u00ed ph\u1ea7n m\u1ec1m k\u1ebf to\u00e1n Vietwin<\/p>\t\t\t\t\t\t\t\t<\/div>\n\t\t\t\t<\/div>\n\t\t\t\t\t<\/div>\n\t\t<\/div>\n\t\t\t\t\t<\/div>\n\t\t<\/section>\n\t\t\t\t<section class=\"elementor-section elementor-inner-section elementor-element elementor-element-d1bdb82 elementor-section-full_width elementor-section-height-default elementor-section-height-default\" data-id=\"d1bdb82\" data-element_type=\"section\">\n\t\t\t\t\t\t<div class=\"elementor-container elementor-column-gap-no\">\n\t\t\t\t\t<div class=\"elementor-column elementor-col-50 elementor-inner-column elementor-element elementor-element-2acf33b\" data-id=\"2acf33b\" data-element_type=\"column\">\n\t\t\t<div class=\"elementor-widget-wrap elementor-element-populated\">\n\t\t\t\t\t\t<div class=\"elementor-element elementor-element-232195b elementor-view-stacked elementor-shape-circle elementor-widget elementor-widget-icon\" data-id=\"232195b\" data-element_type=\"widget\" data-widget_type=\"icon.default\">\n\t\t\t\t<div class=\"elementor-widget-container\">\n\t\t\t\t\t\t\t<div class=\"elementor-icon-wrapper\">\n\t\t\t<div class=\"elementor-icon\">\n\t\t\t<i aria-hidden=\"true\" class=\" icon-11\"><\/i>\t\t\t<\/div>\n\t\t<\/div>\n\t\t\t\t\t\t<\/div>\n\t\t\t\t<\/div>\n\t\t\t\t\t<\/div>\n\t\t<\/div>\n\t\t\t\t<div class=\"elementor-column elementor-col-50 elementor-inner-column elementor-element elementor-element-abf3454\" data-id=\"abf3454\" data-element_type=\"column\">\n\t\t\t<div class=\"elementor-widget-wrap elementor-element-populated\">\n\t\t\t\t\t\t<div class=\"elementor-element elementor-element-774a15f elementor-widget elementor-widget-heading\" data-id=\"774a15f\" data-element_type=\"widget\" data-widget_type=\"heading.default\">\n\t\t\t\t<div class=\"elementor-widget-container\">\n\t\t\t\t\t<h3 class=\"elementor-heading-title elementor-size-default\">T\u00e0i kho\u1ea3n gian l\u1eadn, h\u00e0ng c\u00f4ng chuy\u1ec7n,...<\/h3>\t\t\t\t<\/div>\n\t\t\t\t<\/div>\n\t\t\t\t<div class=\"elementor-element elementor-element-c8e7a42 elementor-widget elementor-widget-text-editor\" data-id=\"c8e7a42\" data-element_type=\"widget\" data-widget_type=\"text-editor.default\">\n\t\t\t\t<div class=\"elementor-widget-container\">\n\t\t\t\t\t\t\t\t\t<p>+ T\u00e0i kho\u1ea3n (+): C\u00f4ng ty kh\u00f4ng thanh to\u00e1n<br>+ T\u00e0i kho\u1ea3n (-): C\u00f4ng ty thu \u0111\u1ee7 theo gi\u00e1 giao<\/p>\t\t\t\t\t\t\t\t<\/div>\n\t\t\t\t<\/div>\n\t\t\t\t\t<\/div>\n\t\t<\/div>\n\t\t\t\t\t<\/div>\n\t\t<\/section>\n\t\t\t\t<section class=\"elementor-section elementor-inner-section elementor-element elementor-element-413af7c elementor-section-full_width elementor-section-height-default elementor-section-height-default\" data-id=\"413af7c\" data-element_type=\"section\">\n\t\t\t\t\t\t<div class=\"elementor-container elementor-column-gap-no\">\n\t\t\t\t\t<div class=\"elementor-column elementor-col-50 elementor-inner-column elementor-element elementor-element-31920bd\" data-id=\"31920bd\" data-element_type=\"column\">\n\t\t\t<div class=\"elementor-widget-wrap elementor-element-populated\">\n\t\t\t\t\t\t<div class=\"elementor-element elementor-element-5242344 elementor-view-stacked elementor-shape-circle elementor-widget elementor-widget-icon\" data-id=\"5242344\" data-element_type=\"widget\" data-widget_type=\"icon.default\">\n\t\t\t\t<div class=\"elementor-widget-container\">\n\t\t\t\t\t\t\t<div class=\"elementor-icon-wrapper\">\n\t\t\t<div class=\"elementor-icon\">\n\t\t\t<i aria-hidden=\"true\" class=\" icon-11\"><\/i>\t\t\t<\/div>\n\t\t<\/div>\n\t\t\t\t\t\t<\/div>\n\t\t\t\t<\/div>\n\t\t\t\t\t<\/div>\n\t\t<\/div>\n\t\t\t\t<div class=\"elementor-column elementor-col-50 elementor-inner-column elementor-element elementor-element-46be824\" data-id=\"46be824\" data-element_type=\"column\">\n\t\t\t<div class=\"elementor-widget-wrap elementor-element-populated\">\n\t\t\t\t\t\t<div class=\"elementor-element elementor-element-0f55c83 elementor-widget elementor-widget-heading\" data-id=\"0f55c83\" data-element_type=\"widget\" data-widget_type=\"heading.default\">\n\t\t\t\t<div class=\"elementor-widget-container\">\n\t\t\t\t\t<h3 class=\"elementor-heading-title elementor-size-default\">T\u00e0i kho\u1ea3n c\u00f3 d\u1ea5u hi\u1ec7u d\u1ee1 m\u00e1y, xu\u1ed1ng x\u00e1c:<\/h3>\t\t\t\t<\/div>\n\t\t\t\t<\/div>\n\t\t\t\t<div class=\"elementor-element elementor-element-ca3c4d0 elementor-widget elementor-widget-text-editor\" data-id=\"ca3c4d0\" data-element_type=\"widget\" data-widget_type=\"text-editor.default\">\n\t\t\t\t<div class=\"elementor-widget-container\">\n\t\t\t\t\t\t\t\t\t<p>+ T\u00e0i kho\u1ea3n (+): C\u00f4ng ty kh\u00f4ng thanh to\u00e1n<\/p><p>+ T\u00e0i kho\u1ea3n (-): C\u00f4ng ty thu \u0111\u1ee7 theo gi\u00e1 giao<\/p>\t\t\t\t\t\t\t\t<\/div>\n\t\t\t\t<\/div>\n\t\t\t\t\t<\/div>\n\t\t<\/div>\n\t\t\t\t\t<\/div>\n\t\t<\/section>\n\t\t\t\t<section class=\"elementor-section elementor-inner-section elementor-element elementor-element-a537fc5 elementor-section-full_width elementor-section-height-default elementor-section-height-default\" data-id=\"a537fc5\" data-element_type=\"section\">\n\t\t\t\t\t\t<div class=\"elementor-container elementor-column-gap-no\">\n\t\t\t\t\t<div class=\"elementor-column elementor-col-50 elementor-inner-column elementor-element elementor-element-4e46799\" data-id=\"4e46799\" data-element_type=\"column\">\n\t\t\t<div class=\"elementor-widget-wrap elementor-element-populated\">\n\t\t\t\t\t\t<div class=\"elementor-element elementor-element-bb28b4a elementor-view-stacked elementor-shape-circle elementor-widget elementor-widget-icon\" data-id=\"bb28b4a\" data-element_type=\"widget\" data-widget_type=\"icon.default\">\n\t\t\t\t<div class=\"elementor-widget-container\">\n\t\t\t\t\t\t\t<div class=\"elementor-icon-wrapper\">\n\t\t\t<div class=\"elementor-icon\">\n\t\t\t<i aria-hidden=\"true\" class=\" icon-11\"><\/i>\t\t\t<\/div>\n\t\t<\/div>\n\t\t\t\t\t\t<\/div>\n\t\t\t\t<\/div>\n\t\t\t\t\t<\/div>\n\t\t<\/div>\n\t\t\t\t<div class=\"elementor-column elementor-col-50 elementor-inner-column elementor-element elementor-element-40fc8b6\" data-id=\"40fc8b6\" data-element_type=\"column\">\n\t\t\t<div class=\"elementor-widget-wrap elementor-element-populated\">\n\t\t\t\t\t\t<div class=\"elementor-element elementor-element-6176273 elementor-widget elementor-widget-heading\" data-id=\"6176273\" data-element_type=\"widget\" data-widget_type=\"heading.default\">\n\t\t\t\t<div class=\"elementor-widget-container\">\n\t\t\t\t\t<h3 class=\"elementor-heading-title elementor-size-default\">T\u00e0i kho\u1ea3n vi ph\u1ea1m quy \u0111\u1ecbnh c\u00e1 c\u01b0\u1ee3c c\u1ee7a nh\u00e0 c\u00e1i<\/h3>\t\t\t\t<\/div>\n\t\t\t\t<\/div>\n\t\t\t\t<div class=\"elementor-element elementor-element-9998417 elementor-widget elementor-widget-text-editor\" data-id=\"9998417\" data-element_type=\"widget\" data-widget_type=\"text-editor.default\">\n\t\t\t\t<div class=\"elementor-widget-container\">\n\t\t\t\t\t\t\t\t\t<p>+ C\u00f4ng ty s\u1ebd kh\u00f4ng ch\u1ecbu tr\u00e1ch nhi\u1ec7m v\u1ec1 c\u00e1c v\u1ea5n \u0111\u1ec1 vi ph\u1ea1m quy \u0111\u1ecbnh, ph\u00e1n quy\u1ebft cu\u1ed1i c\u00f9ng c\u1ee7a nh\u00e0 c\u00e1i<br \/>+ C\u00f4ng ty s\u1ebd d\u1ef1a v\u00e0o win\/lose \u0111\u1ec3 thanh to\u00e1n v\u1edbi kh\u00e1ch h\u00e0ng<\/p>\t\t\t\t\t\t\t\t<\/div>\n\t\t\t\t<\/div>\n\t\t\t\t\t<\/div>\n\t\t<\/div>\n\t\t\t\t\t<\/div>\n\t\t<\/section>\n\t\t\t\t<section class=\"elementor-section elementor-inner-section elementor-element elementor-element-e2f3f4f elementor-section-full_width elementor-section-height-default elementor-section-height-default\" data-id=\"e2f3f4f\" data-element_type=\"section\">\n\t\t\t\t\t\t<div class=\"elementor-container elementor-column-gap-no\">\n\t\t\t\t\t<div class=\"elementor-column elementor-col-50 elementor-inner-column elementor-element elementor-element-c43fcd4\" data-id=\"c43fcd4\" data-element_type=\"column\">\n\t\t\t<div class=\"elementor-widget-wrap elementor-element-populated\">\n\t\t\t\t\t\t<div class=\"elementor-element elementor-element-9b72177 elementor-view-stacked elementor-shape-circle elementor-widget elementor-widget-icon\" data-id=\"9b72177\" data-element_type=\"widget\" data-widget_type=\"icon.default\">\n\t\t\t\t<div class=\"elementor-widget-container\">\n\t\t\t\t\t\t\t<div class=\"elementor-icon-wrapper\">\n\t\t\t<div class=\"elementor-icon\">\n\t\t\t<i aria-hidden=\"true\" class=\" icon-11\"><\/i>\t\t\t<\/div>\n\t\t<\/div>\n\t\t\t\t\t\t<\/div>\n\t\t\t\t<\/div>\n\t\t\t\t\t<\/div>\n\t\t<\/div>\n\t\t\t\t<div class=\"elementor-column elementor-col-50 elementor-inner-column elementor-element elementor-element-9bb0138\" data-id=\"9bb0138\" data-element_type=\"column\">\n\t\t\t<div class=\"elementor-widget-wrap elementor-element-populated\">\n\t\t\t\t\t\t<div class=\"elementor-element elementor-element-19da303 elementor-widget elementor-widget-heading\" data-id=\"19da303\" data-element_type=\"widget\" data-widget_type=\"heading.default\">\n\t\t\t\t<div class=\"elementor-widget-container\">\n\t\t\t\t\t<h3 class=\"elementor-heading-title elementor-size-default\">Thanh to\u00e1n<\/h3>\t\t\t\t<\/div>\n\t\t\t\t<\/div>\n\t\t\t\t<div class=\"elementor-element elementor-element-8c45d41 elementor-widget elementor-widget-text-editor\" data-id=\"8c45d41\" data-element_type=\"widget\" data-widget_type=\"text-editor.default\">\n\t\t\t\t<div class=\"elementor-widget-container\">\n\t\t\t\t\t\t\t\t\t<p>C\u00f4ng ty thanh to\u00e1n cho kh\u00e1ch h\u00e0ng v\u00e0o 14h h\u00e0ng ng\u00e0y<br \/>Kh\u00e1ch h\u00e0ng thanh to\u00e1n ch\u1eadm nh\u1ea5t v\u00e0o 15h h\u00e0ng ng\u00e0y<\/p>\t\t\t\t\t\t\t\t<\/div>\n\t\t\t\t<\/div>\n\t\t\t\t\t<\/div>\n\t\t<\/div>\n\t\t\t\t\t<\/div>\n\t\t<\/section>\n\t\t\t\t\t<\/div>\n\t\t<\/div>\n\t\t\t\t<div class=\"elementor-column elementor-col-50 elementor-top-column elementor-element elementor-element-41afcdf\" data-id=\"41afcdf\" data-element_type=\"column\">\n\t\t\t<div class=\"elementor-widget-wrap elementor-element-populated\">\n\t\t\t\t\t\t<div class=\"elementor-element elementor-element-70b235f elementor-widget elementor-widget-biztech_about_img\" data-id=\"70b235f\" data-element_type=\"widget\" data-widget_type=\"biztech_about_img.default\">\n\t\t\t\t<div class=\"elementor-widget-container\">\n\t\t\t\t\t\n\t\t        \n\t\t<section class=\"about-section p_relative pdoff\">\n\t\t\t<div class=\"image-column\">\n\t\t\t\t<div class=\"image_block_one\">\n\t\t\t\t\t<div class=\"image-box p_relative pr_50 mr_30\">\n\t\t\t\t\t\t<figure class=\"image image-1\">\n\t\t\t\t\t\t\t   \n\t\t\t\t\t\t\t\t<img decoding=\"async\" src=\"https:\/\/skybet365.us\/wp-content\/uploads\/2025\/03\/3-10.png\" alt=\"\"\/>\n\t\t\t\t\t\t\t\t\t\t\t\t\t<\/figure>\n\t\t\t\t\t\t<figure class=\"image image-2\">\n\t\t\t\t\t\t\t\t\t\t\t\t\t<\/figure>\n\t\t\t\t\t\t<div class=\"video-btn\">\n\t\t\t\t\t\t\t<a href=\"\" class=\"lightbox-image\" data-caption=\"\"><i class=\"icon-10\"><\/i><\/a>\n\t\t\t\t\t\t<\/div>\n\t\t\t\t\t<\/div>\n\t\t\t\t<\/div>\n\t\t\t<\/div>\n        <\/section>\n\t\t\n\t\t\t\t\n\t\t\t\t\n\t\t\n             \n\t\t\t\t\t\t<\/div>\n\t\t\t\t<\/div>\n\t\t\t\t\t<\/div>\n\t\t<\/div>\n\t\t\t\t\t<\/div>\n\t\t<\/section>\n\t\t\t\t<\/div>\n\t\t","protected":false},"excerpt":{"rendered":"<p>SKYBET Ch\u00ednh S\u00e1ch V\u00e0 \u0110i\u1ec1u Kho\u1ea3n \u0110\u1ea0I L\u00dd GIAO TH\u1ea4P NH\u1ea4T \u0110\u00d4 10\/ KH\u00c1CH L\u1eba GIAO \u0110\u00d4 30 tr\u1edf l\u00ean (c\u1ecdc 100%) &#8211; H\u1ec7 th\u1ed1ng Sportbooks, Casino, Cookfight: \u0110\u1eb7t c\u1ecdc 100% gi\u00e1 tr\u1ecb t\u00e0i kho\u1ea3n&#8211; H\u1ec7 th\u1ed1ng Loto: \u0110\u1eb7t c\u1ecdc 100% v\u1edbi s\u1ed1 ti\u1ec1n theo % th\u1ea7u gi\u00e1 giao&#8211; \u0110\u1eb7t \u0111\u1ed1i \u1ee9ng: 30% gi\u00e1 tr\u1ecb [&hellip;]<\/p>\n","protected":false},"author":2,"featured_media":0,"parent":0,"menu_order":0,"comment_status":"closed","ping_status":"closed","template":"tpl-default-elementor.php","meta":{"footnotes":""},"class_list":["post-1798","page","type-page","status-publish","hentry"],"_links":{"self":[{"href":"https:\/\/skybet365.us\/index.php\/wp-json\/wp\/v2\/pages\/1798","targetHints":{"allow":["GET"]}}],"collection":[{"href":"https:\/\/skybet365.us\/index.php\/wp-json\/wp\/v2\/pages"}],"about":[{"href":"https:\/\/skybet365.us\/index.php\/wp-json\/wp\/v2\/types\/page"}],"author":[{"embeddable":true,"href":"https:\/\/skybet365.us\/index.php\/wp-json\/wp\/v2\/users\/2"}],"replies":[{"embeddable":true,"href":"https:\/\/skybet365.us\/index.php\/wp-json\/wp\/v2\/comments?post=1798"}],"version-history":[{"count":11,"href":"https:\/\/skybet365.us\/index.php\/wp-json\/wp\/v2\/pages\/1798\/revisions"}],"predecessor-version":[{"id":3390,"href":"https:\/\/skybet365.us\/index.php\/wp-json\/wp\/v2\/pages\/1798\/revisions\/3390"}],"wp:attachment":[{"href":"https:\/\/skybet365.us\/index.php\/wp-json\/wp\/v2\/media?parent=1798"}],"curies":[{"name":"wp","href":"https:\/\/api.w.org\/{rel}","templated":true}]}}