{"id":1974,"date":"2023-02-11T08:44:07","date_gmt":"2023-02-11T08:44:07","guid":{"rendered":"http:\/\/finestwp.com\/biztech\/?page_id=1974"},"modified":"2025-04-02T16:09:37","modified_gmt":"2025-04-02T09:09:37","slug":"lien-he-skybet","status":"publish","type":"page","link":"https:\/\/skybet365.us\/index.php\/lien-he-skybet\/","title":{"rendered":"Li\u00ean H\u1ec7"},"content":{"rendered":"\t\t<div data-elementor-type=\"wp-page\" data-elementor-id=\"1974\" class=\"elementor elementor-1974\">\n\t\t\t\t\t\t<section class=\"elementor-section elementor-top-section elementor-element elementor-element-d0a771d elementor-section-full_width elementor-section-height-default elementor-section-height-default\" data-id=\"d0a771d\" data-element_type=\"section\" data-settings=\"{&quot;background_background&quot;:&quot;classic&quot;}\">\n\t\t\t\t\t\t\t<div class=\"elementor-background-overlay\"><\/div>\n\t\t\t\t\t\t\t<div class=\"elementor-container elementor-column-gap-no\">\n\t\t\t\t\t<div class=\"elementor-column elementor-col-100 elementor-top-column elementor-element elementor-element-46ef0af\" data-id=\"46ef0af\" data-element_type=\"column\">\n\t\t\t<div class=\"elementor-widget-wrap elementor-element-populated\">\n\t\t\t\t\t\t<section class=\"elementor-section elementor-inner-section elementor-element elementor-element-426f49a elementor-section-full_width elementor-section-height-default elementor-section-height-default\" data-id=\"426f49a\" data-element_type=\"section\">\n\t\t\t\t\t\t<div class=\"elementor-container elementor-column-gap-no\">\n\t\t\t\t\t<div class=\"elementor-column elementor-col-100 elementor-inner-column elementor-element elementor-element-2e08e25\" data-id=\"2e08e25\" data-element_type=\"column\">\n\t\t\t<div class=\"elementor-widget-wrap elementor-element-populated\">\n\t\t\t\t\t\t<section class=\"elementor-section elementor-inner-section elementor-element elementor-element-7f85aa2 elementor-section-boxed elementor-section-height-default elementor-section-height-default\" data-id=\"7f85aa2\" data-element_type=\"section\" data-settings=\"{&quot;background_background&quot;:&quot;classic&quot;}\">\n\t\t\t\t\t\t\t<div class=\"elementor-background-overlay\"><\/div>\n\t\t\t\t\t\t\t<div class=\"elementor-container elementor-column-gap-default\">\n\t\t\t\t\t<div class=\"elementor-column elementor-col-100 elementor-inner-column elementor-element elementor-element-88c56bb\" data-id=\"88c56bb\" data-element_type=\"column\">\n\t\t\t<div class=\"elementor-widget-wrap elementor-element-populated\">\n\t\t\t\t\t\t<div class=\"elementor-element elementor-element-dd112e5 elementor-widget elementor-widget-heading\" data-id=\"dd112e5\" data-element_type=\"widget\" data-widget_type=\"heading.default\">\n\t\t\t\t<div class=\"elementor-widget-container\">\n\t\t\t\t\t<span class=\"elementor-heading-title elementor-size-default\">LI\u00caN H\u1ec6 V\u1edaI CH\u00daNG T\u00d4I<\/span>\t\t\t\t<\/div>\n\t\t\t\t<\/div>\n\t\t\t\t<div class=\"elementor-element elementor-element-e8649b7 elementor-widget elementor-widget-heading\" data-id=\"e8649b7\" data-element_type=\"widget\" data-widget_type=\"heading.default\">\n\t\t\t\t<div class=\"elementor-widget-container\">\n\t\t\t\t\t<h2 class=\"elementor-heading-title elementor-size-default\">SKYBET - \u0110\u1ed1i t\u00e1c tin c\u1eady c\u1ee7a b\u1ea1n trong l\u0129nh v\u1ef1c iGaming<\/h2>\t\t\t\t<\/div>\n\t\t\t\t<\/div>\n\t\t\t\t<div class=\"elementor-element elementor-element-2c8a1d9 elementor-widget elementor-widget-biztech_contact_info\" data-id=\"2c8a1d9\" data-element_type=\"widget\" data-widget_type=\"biztech_contact_info.default\">\n\t\t\t\t<div class=\"elementor-widget-container\">\n\t\t\t\t\t\t\t\n\t\t\n\t\t<section class=\"feature-style-three p_relative centred pdoff\">\n            <div class=\"auto-container\">\n                <div class=\"row clearfix\">\n\t\t\t\t\n\t\t\t\t\t\t\t\t\t\n                    <div class=\"col-lg-4 col-md-6 col-sm-12 feature-block\">\n                        <div class=\"feature-block-three wow fadeInUp animated\" data-wow-delay=\"00ms\" data-wow-duration=\"1500ms\">\n                            <div class=\"inner-box\">\n\t\t\t\t\t\t\t\n\t\t\t\t\t\t\t\t                                <div class=\"block-shape\" style=\"background-image: url(https:\/\/skybet365.us\/wp-content\/uploads\/2023\/02\/shape-32.png);\">\n\t\t\t\t\t\t\t\t\t\t\t\t\t\t\t\t<\/div>\n\t\t\t\t\t\t\t\t\n                                <div class=\"icon-box\"><i class=\" icon-48\"><\/i><\/div>\n                                <h3>\u0110\u1ecba ch\u1ec9<\/h3>\n                                <p>Ph\u1ea1m Ng\u0169 L\u00e3o, H\u1ed3 Ch\u00ed Minh<\/p>\n                            <\/div>\n                        <\/div>\n                    <\/div>\n\t\t\t\t\t\n\t\t\t\t\t\t\t\t\t\n                    <div class=\"col-lg-4 col-md-6 col-sm-12 feature-block\">\n                        <div class=\"feature-block-three wow fadeInUp animated\" data-wow-delay=\"00ms\" data-wow-duration=\"1500ms\">\n                            <div class=\"inner-box\">\n\t\t\t\t\t\t\t\n\t\t\t\t\t\t\t\t                                <div class=\"block-shape\" style=\"background-image: url(https:\/\/skybet365.us\/wp-content\/uploads\/2023\/02\/shape-33.png);\">\n\t\t\t\t\t\t\t\t\t\t\t\t\t\t\t\t<\/div>\n\t\t\t\t\t\t\t\t\n                                <div class=\"icon-box\"><i class=\" icon-50\"><\/i><\/div>\n                                <h3>Hotline<\/h3>\n                                <p>+855 88 928 7784<\/p>\n                            <\/div>\n                        <\/div>\n                    <\/div>\n\t\t\t\t\t\n\t\t\t\t\t\t\t\t\t\n                    <div class=\"col-lg-4 col-md-6 col-sm-12 feature-block\">\n                        <div class=\"feature-block-three wow fadeInUp animated\" data-wow-delay=\"00ms\" data-wow-duration=\"1500ms\">\n                            <div class=\"inner-box\">\n\t\t\t\t\t\t\t\n\t\t\t\t\t\t\t\t                                <div class=\"block-shape\" style=\"background-image: url(https:\/\/skybet365.us\/wp-content\/uploads\/2023\/02\/shape-33.png);\">\n\t\t\t\t\t\t\t\t\t\t\t\t\t\t\t\t<\/div>\n\t\t\t\t\t\t\t\t\n                                <div class=\"icon-box\"><i class=\"fab fa-telegram\"><\/i><\/div>\n                                <h3>Telegram<\/h3>\n                                <p>@Sales_Skybet365<\/p>\n                            <\/div>\n                        <\/div>\n                    <\/div>\n\t\t\t\t\t\n\t\t\t\t\t\t\t\t\t\t\n                <\/div>\n            <\/div>\n        <\/section>\n\t\t\n\n             \n\t\t\t\t\t\t<\/div>\n\t\t\t\t<\/div>\n\t\t\t\t\t<\/div>\n\t\t<\/div>\n\t\t\t\t\t<\/div>\n\t\t<\/section>\n\t\t\t\t\t<\/div>\n\t\t<\/div>\n\t\t\t\t\t<\/div>\n\t\t<\/section>\n\t\t\t\t\t<\/div>\n\t\t<\/div>\n\t\t\t\t\t<\/div>\n\t\t<\/section>\n\t\t\t\t<section class=\"elementor-section elementor-top-section elementor-element elementor-element-bf6f516 elementor-section-boxed elementor-section-height-default elementor-section-height-default\" data-id=\"bf6f516\" data-element_type=\"section\">\n\t\t\t\t\t\t<div class=\"elementor-container elementor-column-gap-no\">\n\t\t\t\t\t<div class=\"elementor-column elementor-col-100 elementor-top-column elementor-element elementor-element-d5a0fdc\" data-id=\"d5a0fdc\" data-element_type=\"column\">\n\t\t\t<div class=\"elementor-widget-wrap elementor-element-populated\">\n\t\t\t\t\t\t<section class=\"elementor-section elementor-inner-section elementor-element elementor-element-3b37e70 elementor-section-full_width elementor-section-height-default elementor-section-height-default\" data-id=\"3b37e70\" data-element_type=\"section\">\n\t\t\t\t\t\t<div class=\"elementor-container elementor-column-gap-no\">\n\t\t\t\t\t<div class=\"elementor-column elementor-col-50 elementor-inner-column elementor-element elementor-element-51e2299\" data-id=\"51e2299\" data-element_type=\"column\">\n\t\t\t<div class=\"elementor-widget-wrap elementor-element-populated\">\n\t\t\t\t\t\t<div class=\"elementor-element elementor-element-051951f elementor-widget elementor-widget-heading\" data-id=\"051951f\" data-element_type=\"widget\" data-widget_type=\"heading.default\">\n\t\t\t\t<div class=\"elementor-widget-container\">\n\t\t\t\t\t<span class=\"elementor-heading-title elementor-size-default\">Skybet<\/span>\t\t\t\t<\/div>\n\t\t\t\t<\/div>\n\t\t\t\t<div class=\"elementor-element elementor-element-da1852b elementor-widget elementor-widget-heading\" data-id=\"da1852b\" data-element_type=\"widget\" data-widget_type=\"heading.default\">\n\t\t\t\t<div class=\"elementor-widget-container\">\n\t\t\t\t\t<h2 class=\"elementor-heading-title elementor-size-default\">\u0110\u1eebng b\u1ecf l\u1ee1 c\u01a1 h\u1ed9i h\u1ee3p t\u00e1c v\u1edbi SKYBET!<\/h2>\t\t\t\t<\/div>\n\t\t\t\t<\/div>\n\t\t\t\t<div class=\"elementor-element elementor-element-327de59 elementor-widget elementor-widget-text-editor\" data-id=\"327de59\" data-element_type=\"widget\" data-widget_type=\"text-editor.default\">\n\t\t\t\t<div class=\"elementor-widget-container\">\n\t\t\t\t\t\t\t\t\t<p>V\u1edbi \u0111\u1ed9i ng\u0169 chuy\u00ean gia gi\u00e0u kinh nghi\u1ec7m, ch\u00fang t\u00f4i cam k\u1ebft mang \u0111\u1ebfn cho b\u1ea1n nh\u1eefng gi\u1ea3i ph\u00e1p t\u1ed1i \u01b0u nh\u1ea5t.<\/p><p>Li\u00ean h\u1ec7 ngay \u0111\u1ec3 \u0111\u01b0\u1ee3c t\u01b0 v\u1ea5n mi\u1ec5n ph\u00ed!<\/p>\t\t\t\t\t\t\t\t<\/div>\n\t\t\t\t<\/div>\n\t\t\t\t<div class=\"elementor-element elementor-element-ddfd3d9 e-grid-align-left elementor-shape-circle elementor-grid-0 elementor-widget elementor-widget-social-icons\" data-id=\"ddfd3d9\" data-element_type=\"widget\" data-widget_type=\"social-icons.default\">\n\t\t\t\t<div class=\"elementor-widget-container\">\n\t\t\t\t\t\t\t<div class=\"elementor-social-icons-wrapper elementor-grid\">\n\t\t\t\t\t\t\t<span class=\"elementor-grid-item\">\n\t\t\t\t\t<a class=\"elementor-icon elementor-social-icon elementor-social-icon-facebook-f elementor-repeater-item-a89387f\" href=\"https:\/\/www.facebook.com\/\" target=\"_blank\" rel=\"noopener\">\n\t\t\t\t\t\t<span class=\"elementor-screen-only\">Facebook-f<\/span>\n\t\t\t\t\t\t<svg class=\"e-font-icon-svg e-fab-facebook-f\" viewBox=\"0 0 320 512\" xmlns=\"http:\/\/www.w3.org\/2000\/svg\"><path d=\"M279.14 288l14.22-92.66h-88.91v-60.13c0-25.35 12.42-50.06 52.24-50.06h40.42V6.26S260.43 0 225.36 0c-73.22 0-121.08 44.38-121.08 124.72v70.62H22.89V288h81.39v224h100.17V288z\"><\/path><\/svg>\t\t\t\t\t<\/a>\n\t\t\t\t<\/span>\n\t\t\t\t\t\t\t<span class=\"elementor-grid-item\">\n\t\t\t\t\t<a class=\"elementor-icon elementor-social-icon elementor-social-icon-twitter elementor-repeater-item-ff4bc11\" href=\"https:\/\/twitter.com\/\" target=\"_blank\" rel=\"noopener\">\n\t\t\t\t\t\t<span class=\"elementor-screen-only\">Twitter<\/span>\n\t\t\t\t\t\t<svg class=\"e-font-icon-svg e-fab-twitter\" viewBox=\"0 0 512 512\" xmlns=\"http:\/\/www.w3.org\/2000\/svg\"><path d=\"M459.37 151.716c.325 4.548.325 9.097.325 13.645 0 138.72-105.583 298.558-298.558 298.558-59.452 0-114.68-17.219-161.137-47.106 8.447.974 16.568 1.299 25.34 1.299 49.055 0 94.213-16.568 130.274-44.832-46.132-.975-84.792-31.188-98.112-72.772 6.498.974 12.995 1.624 19.818 1.624 9.421 0 18.843-1.3 27.614-3.573-48.081-9.747-84.143-51.98-84.143-102.985v-1.299c13.969 7.797 30.214 12.67 47.431 13.319-28.264-18.843-46.781-51.005-46.781-87.391 0-19.492 5.197-37.36 14.294-52.954 51.655 63.675 129.3 105.258 216.365 109.807-1.624-7.797-2.599-15.918-2.599-24.04 0-57.828 46.782-104.934 104.934-104.934 30.213 0 57.502 12.67 76.67 33.137 23.715-4.548 46.456-13.32 66.599-25.34-7.798 24.366-24.366 44.833-46.132 57.827 21.117-2.273 41.584-8.122 60.426-16.243-14.292 20.791-32.161 39.308-52.628 54.253z\"><\/path><\/svg>\t\t\t\t\t<\/a>\n\t\t\t\t<\/span>\n\t\t\t\t\t\t\t<span class=\"elementor-grid-item\">\n\t\t\t\t\t<a class=\"elementor-icon elementor-social-icon elementor-social-icon-pinterest elementor-repeater-item-f77db14\" href=\"https:\/\/www.pinterest.com\/\" target=\"_blank\" rel=\"noopener\">\n\t\t\t\t\t\t<span class=\"elementor-screen-only\">Pinterest<\/span>\n\t\t\t\t\t\t<svg class=\"e-font-icon-svg e-fab-pinterest\" viewBox=\"0 0 496 512\" xmlns=\"http:\/\/www.w3.org\/2000\/svg\"><path d=\"M496 256c0 137-111 248-248 248-25.6 0-50.2-3.9-73.4-11.1 10.1-16.5 25.2-43.5 30.8-65 3-11.6 15.4-59 15.4-59 8.1 15.4 31.7 28.5 56.8 28.5 74.8 0 128.7-68.8 128.7-154.3 0-81.9-66.9-143.2-152.9-143.2-107 0-163.9 71.8-163.9 150.1 0 36.4 19.4 81.7 50.3 96.1 4.7 2.2 7.2 1.2 8.3-3.3.8-3.4 5-20.3 6.9-28.1.6-2.5.3-4.7-1.7-7.1-10.1-12.5-18.3-35.3-18.3-56.6 0-54.7 41.4-107.6 112-107.6 60.9 0 103.6 41.5 103.6 100.9 0 67.1-33.9 113.6-78 113.6-24.3 0-42.6-20.1-36.7-44.8 7-29.5 20.5-61.3 20.5-82.6 0-19-10.2-34.9-31.4-34.9-24.9 0-44.9 25.7-44.9 60.2 0 22 7.4 36.8 7.4 36.8s-24.5 103.8-29 123.2c-5 21.4-3 51.6-.9 71.2C65.4 450.9 0 361.1 0 256 0 119 111 8 248 8s248 111 248 248z\"><\/path><\/svg>\t\t\t\t\t<\/a>\n\t\t\t\t<\/span>\n\t\t\t\t\t\t\t<span class=\"elementor-grid-item\">\n\t\t\t\t\t<a class=\"elementor-icon elementor-social-icon elementor-social-icon-instagram elementor-repeater-item-c94df9f\" href=\"https:\/\/www.instagram.com\/\" target=\"_blank\" rel=\"noopener\">\n\t\t\t\t\t\t<span class=\"elementor-screen-only\">Instagram<\/span>\n\t\t\t\t\t\t<svg class=\"e-font-icon-svg e-fab-instagram\" viewBox=\"0 0 448 512\" xmlns=\"http:\/\/www.w3.org\/2000\/svg\"><path d=\"M224.1 141c-63.6 0-114.9 51.3-114.9 114.9s51.3 114.9 114.9 114.9S339 319.5 339 255.9 287.7 141 224.1 141zm0 189.6c-41.1 0-74.7-33.5-74.7-74.7s33.5-74.7 74.7-74.7 74.7 33.5 74.7 74.7-33.6 74.7-74.7 74.7zm146.4-194.3c0 14.9-12 26.8-26.8 26.8-14.9 0-26.8-12-26.8-26.8s12-26.8 26.8-26.8 26.8 12 26.8 26.8zm76.1 27.2c-1.7-35.9-9.9-67.7-36.2-93.9-26.2-26.2-58-34.4-93.9-36.2-37-2.1-147.9-2.1-184.9 0-35.8 1.7-67.6 9.9-93.9 36.1s-34.4 58-36.2 93.9c-2.1 37-2.1 147.9 0 184.9 1.7 35.9 9.9 67.7 36.2 93.9s58 34.4 93.9 36.2c37 2.1 147.9 2.1 184.9 0 35.9-1.7 67.7-9.9 93.9-36.2 26.2-26.2 34.4-58 36.2-93.9 2.1-37 2.1-147.8 0-184.8zM398.8 388c-7.8 19.6-22.9 34.7-42.6 42.6-29.5 11.7-99.5 9-132.1 9s-102.7 2.6-132.1-9c-19.6-7.8-34.7-22.9-42.6-42.6-11.7-29.5-9-99.5-9-132.1s-2.6-102.7 9-132.1c7.8-19.6 22.9-34.7 42.6-42.6 29.5-11.7 99.5-9 132.1-9s102.7-2.6 132.1 9c19.6 7.8 34.7 22.9 42.6 42.6 11.7 29.5 9 99.5 9 132.1s2.7 102.7-9 132.1z\"><\/path><\/svg>\t\t\t\t\t<\/a>\n\t\t\t\t<\/span>\n\t\t\t\t\t<\/div>\n\t\t\t\t\t\t<\/div>\n\t\t\t\t<\/div>\n\t\t\t\t\t<\/div>\n\t\t<\/div>\n\t\t\t\t<div class=\"elementor-column elementor-col-50 elementor-inner-column elementor-element elementor-element-24915b7\" data-id=\"24915b7\" data-element_type=\"column\">\n\t\t\t<div class=\"elementor-widget-wrap elementor-element-populated\">\n\t\t\t\t\t\t<div class=\"elementor-element elementor-element-259a4f6 elementor-widget elementor-widget-shortcode\" data-id=\"259a4f6\" data-element_type=\"widget\" data-widget_type=\"shortcode.default\">\n\t\t\t\t<div class=\"elementor-widget-container\">\n\t\t\t\t\t\t\t<div class=\"elementor-shortcode\">\n<div class=\"wpcf7 no-js\" id=\"wpcf7-f2087-o1\" lang=\"en-US\" dir=\"ltr\" data-wpcf7-id=\"2087\">\n<div class=\"screen-reader-response\"><p role=\"status\" aria-live=\"polite\" aria-atomic=\"true\"><\/p> <ul><\/ul><\/div>\n<form action=\"\/index.php\/wp-json\/wp\/v2\/pages\/1974#wpcf7-f2087-o1\" method=\"post\" class=\"wpcf7-form init\" aria-label=\"Contact form\" novalidate=\"novalidate\" data-status=\"init\">\n<div style=\"display: none;\">\n<input type=\"hidden\" name=\"_wpcf7\" value=\"2087\" \/>\n<input type=\"hidden\" name=\"_wpcf7_version\" value=\"6.0.5\" \/>\n<input type=\"hidden\" name=\"_wpcf7_locale\" value=\"en_US\" \/>\n<input type=\"hidden\" name=\"_wpcf7_unit_tag\" value=\"wpcf7-f2087-o1\" \/>\n<input type=\"hidden\" name=\"_wpcf7_container_post\" value=\"0\" \/>\n<input type=\"hidden\" name=\"_wpcf7_posted_data_hash\" value=\"\" \/>\n<\/div>\n<section class=\"contact-style-two\">\n\t<div class=\"col-lg-12 form-column\">\n\t\t<div class=\"form-inner\">\n\t\t\t<div class=\"default-form\">\n\t\t\t\t<div class=\"row clearfix\">\n\t\t\t\t\t<div class=\"col-lg-6 col-md-6 col-sm-12 form-group\">\n\t\t\t\t\t\t<p><span class=\"wpcf7-form-control-wrap\" data-name=\"text-980\"><input size=\"40\" maxlength=\"400\" class=\"wpcf7-form-control wpcf7-text wpcf7-validates-as-required\" aria-required=\"true\" aria-invalid=\"false\" placeholder=\"Your Name\" value=\"\" type=\"text\" name=\"text-980\" \/><\/span>\n\t\t\t\t\t\t<\/p>\n\t\t\t\t\t<\/div>\n\t\t\t\t\t<div class=\"col-lg-6 col-md-6 col-sm-12 form-group\">\n\t\t\t\t\t\t<p><span class=\"wpcf7-form-control-wrap\" data-name=\"email-24\"><input size=\"40\" maxlength=\"400\" class=\"wpcf7-form-control wpcf7-email wpcf7-validates-as-required wpcf7-text wpcf7-validates-as-email\" aria-required=\"true\" aria-invalid=\"false\" placeholder=\"Your email\" value=\"\" type=\"email\" name=\"email-24\" \/><\/span>\n\t\t\t\t\t\t<\/p>\n\t\t\t\t\t<\/div>\n\t\t\t\t\t<div class=\"col-lg-6 col-md-6 col-sm-12 form-group\">\n\t\t\t\t\t\t<p><span class=\"wpcf7-form-control-wrap\" data-name=\"tel-840\"><input size=\"40\" maxlength=\"400\" class=\"wpcf7-form-control wpcf7-tel wpcf7-validates-as-required wpcf7-text wpcf7-validates-as-tel\" aria-required=\"true\" aria-invalid=\"false\" placeholder=\"Phone\" value=\"\" type=\"tel\" name=\"tel-840\" \/><\/span>\n\t\t\t\t\t\t<\/p>\n\t\t\t\t\t<\/div>\n\t\t\t\t\t<div class=\"col-lg-6 col-md-6 col-sm-12 form-group\">\n\t\t\t\t\t\t<p><span class=\"wpcf7-form-control-wrap\" data-name=\"text-980\"><input size=\"40\" maxlength=\"400\" class=\"wpcf7-form-control wpcf7-text wpcf7-validates-as-required\" aria-required=\"true\" aria-invalid=\"false\" placeholder=\"Subject\" value=\"\" type=\"text\" name=\"text-980\" \/><\/span>\n\t\t\t\t\t\t<\/p>\n\t\t\t\t\t<\/div>\n\t\t\t\t\t<div class=\"col-lg-12 col-md-12 col-sm-12 form-group\">\n\t\t\t\t\t\t<p><span class=\"wpcf7-form-control-wrap\" data-name=\"textarea-321\"><textarea cols=\"40\" rows=\"10\" maxlength=\"2000\" class=\"wpcf7-form-control wpcf7-textarea wpcf7-validates-as-required\" aria-required=\"true\" aria-invalid=\"false\" placeholder=\"Type message\" name=\"textarea-321\"><\/textarea><\/span>\n\t\t\t\t\t\t<\/p>\n\t\t\t\t\t<\/div>\n\t\t\t\t\t<div class=\"col-lg-12 col-md-12 col-sm-12 form-group message-btn\">\n\t\t\t\t\t\t<p><button class=\"theme-btn theme-btn-one\" type=\"submit\" name=\"submit-form\">Send Message<\/button>\n\t\t\t\t\t\t<\/p>\n\t\t\t\t\t<\/div>\n\t\t\t\t<\/div>\n\t\t\t<\/div>\n\t\t<\/div>\n\t<\/div>\n<\/section><div class=\"wpcf7-response-output\" aria-hidden=\"true\"><\/div>\n<\/form>\n<\/div>\n<\/div>\n\t\t\t\t\t\t<\/div>\n\t\t\t\t<\/div>\n\t\t\t\t\t<\/div>\n\t\t<\/div>\n\t\t\t\t\t<\/div>\n\t\t<\/section>\n\t\t\t\t\t<\/div>\n\t\t<\/div>\n\t\t\t\t\t<\/div>\n\t\t<\/section>\n\t\t\t\t<section class=\"elementor-section elementor-top-section elementor-element elementor-element-f580e63 elementor-section-full_width elementor-section-height-default elementor-section-height-default\" data-id=\"f580e63\" data-element_type=\"section\">\n\t\t\t\t\t\t<div class=\"elementor-container elementor-column-gap-no\">\n\t\t\t\t\t<div class=\"elementor-column elementor-col-100 elementor-top-column elementor-element elementor-element-3340101\" data-id=\"3340101\" data-element_type=\"column\">\n\t\t\t<div class=\"elementor-widget-wrap elementor-element-populated\">\n\t\t\t\t\t\t<div class=\"elementor-element elementor-element-4233eb2 elementor-widget elementor-widget-google_maps\" data-id=\"4233eb2\" data-element_type=\"widget\" data-widget_type=\"google_maps.default\">\n\t\t\t\t<div class=\"elementor-widget-container\">\n\t\t\t\t\t\t\t<div class=\"elementor-custom-embed\">\n\t\t\t<iframe loading=\"lazy\"\n\t\t\t\t\tsrc=\"https:\/\/maps.google.com\/maps?q=Ph%E1%BA%A1m%20Ng%C5%A9%20L%C3%A3o&#038;t=m&#038;z=16&#038;output=embed&#038;iwloc=near\"\n\t\t\t\t\ttitle=\"Ph\u1ea1m Ng\u0169 L\u00e3o\"\n\t\t\t\t\taria-label=\"Ph\u1ea1m Ng\u0169 L\u00e3o\"\n\t\t\t><\/iframe>\n\t\t<\/div>\n\t\t\t\t\t\t<\/div>\n\t\t\t\t<\/div>\n\t\t\t\t\t<\/div>\n\t\t<\/div>\n\t\t\t\t\t<\/div>\n\t\t<\/section>\n\t\t\t\t<\/div>\n\t\t","protected":false},"excerpt":{"rendered":"<p>LI\u00caN H\u1ec6 V\u1edaI CH\u00daNG T\u00d4I SKYBET &#8211; \u0110\u1ed1i t\u00e1c tin c\u1eady c\u1ee7a b\u1ea1n trong l\u0129nh v\u1ef1c iGaming \u0110\u1ecba ch\u1ec9 Ph\u1ea1m Ng\u0169 L\u00e3o, H\u1ed3 Ch\u00ed Minh Hotline +855 88 928 7784 Telegram @Sales_Skybet365 Skybet \u0110\u1eebng b\u1ecf l\u1ee1 c\u01a1 h\u1ed9i h\u1ee3p t\u00e1c v\u1edbi SKYBET! V\u1edbi \u0111\u1ed9i ng\u0169 chuy\u00ean gia gi\u00e0u kinh nghi\u1ec7m, ch\u00fang t\u00f4i cam k\u1ebft mang [&hellip;]<\/p>\n","protected":false},"author":2,"featured_media":0,"parent":0,"menu_order":0,"comment_status":"closed","ping_status":"closed","template":"tpl-default-elementor.php","meta":{"footnotes":""},"class_list":["post-1974","page","type-page","status-publish","hentry"],"_links":{"self":[{"href":"https:\/\/skybet365.us\/index.php\/wp-json\/wp\/v2\/pages\/1974","targetHints":{"allow":["GET"]}}],"collection":[{"href":"https:\/\/skybet365.us\/index.php\/wp-json\/wp\/v2\/pages"}],"about":[{"href":"https:\/\/skybet365.us\/index.php\/wp-json\/wp\/v2\/types\/page"}],"author":[{"embeddable":true,"href":"https:\/\/skybet365.us\/index.php\/wp-json\/wp\/v2\/users\/2"}],"replies":[{"embeddable":true,"href":"https:\/\/skybet365.us\/index.php\/wp-json\/wp\/v2\/comments?post=1974"}],"version-history":[{"count":13,"href":"https:\/\/skybet365.us\/index.php\/wp-json\/wp\/v2\/pages\/1974\/revisions"}],"predecessor-version":[{"id":3727,"href":"https:\/\/skybet365.us\/index.php\/wp-json\/wp\/v2\/pages\/1974\/revisions\/3727"}],"wp:attachment":[{"href":"https:\/\/skybet365.us\/index.php\/wp-json\/wp\/v2\/media?parent=1974"}],"curies":[{"name":"wp","href":"https:\/\/api.w.org\/{rel}","templated":true}]}}